{"id":2419,"date":"2022-02-23T11:54:53","date_gmt":"2022-02-23T10:54:53","guid":{"rendered":"https:\/\/eigner-betonmanufaktur.com\/impronta\/"},"modified":"2023-10-11T16:09:18","modified_gmt":"2023-10-11T14:09:18","slug":"impronta","status":"publish","type":"page","link":"https:\/\/eigner-betonmanufaktur.com\/it\/impronta\/","title":{"rendered":"Impronta"},"content":{"rendered":"\t\t<div data-elementor-type=\"wp-page\" data-elementor-id=\"2419\" class=\"elementor elementor-2419 elementor-206\" data-elementor-post-type=\"page\">\n\t\t\t\t\t\t<section class=\"elementor-section elementor-top-section elementor-element elementor-element-77b8b638 elementor-section-boxed elementor-section-height-default elementor-section-height-default\" data-id=\"77b8b638\" data-element_type=\"section\">\n\t\t\t\t\t\t<div class=\"elementor-container elementor-column-gap-default\">\n\t\t\t\t\t<div class=\"elementor-column elementor-col-100 elementor-top-column elementor-element elementor-element-24dac8a1\" data-id=\"24dac8a1\" data-element_type=\"column\">\n\t\t\t<div class=\"elementor-widget-wrap elementor-element-populated\">\n\t\t\t\t\t\t<div class=\"elementor-element elementor-element-13629c0b elementor-widget elementor-widget-text-editor\" data-id=\"13629c0b\" data-element_type=\"widget\" data-widget_type=\"text-editor.default\">\n\t\t\t\t<div class=\"elementor-widget-container\">\n\t\t\t\t\t\t\t\t\t<h1>Impronta<\/h1>\n<p>Informazioni ai sensi del \u00a7 5 TMG<\/p>\n<p>Eigner Betonmanufaktur GmbH &amp; Co KG<br \/>Reutheweg 21<br \/>86720 N\u00f6rdlingen<\/p>\n<p>Registro commerciale: HRA 20224<br \/>Tribunale: Augusta<\/p>\n<p><strong>Rappresentato da:<br \/><\/strong>Eigner Betonmanufaktur Verwaltungs GmbH<br \/>Reutheweg 21<br \/>86720 N\u00f6rdlingen<\/p>\n<p><strong>Rappresentato da:<br \/><\/strong>Werner Luther<br \/>Wolfram Uhl<br \/>G\u00fcnter Diethei<\/p>\n<p>Registro delle imprese: HRB 34739<br \/>Tribunale: Augusta<\/p>\n<h2>Contatto<\/h2>\n<p><strong>Telefono:<\/strong> 09081 8096-0<br \/><strong>E-mail:<\/strong> info@eigner-betonmanufaktur.com<\/p>\n<h2>ID IVA<\/h2>\n<p>Numero di identificazione dell&#8217;imposta sulle vendite ai sensi del \u00a7 27 a della legge tedesca sull&#8217;imposta sulle vendite:<br \/>DE330716070<\/p>\n<h2>Responsabile editoriale<\/h2>\n<p>Florian Greiser<br \/>Reutheweg 21<br \/>86720 N\u00f6rdlingen<\/p>\n<p><strong>E-mail:<\/strong> greiser@eigner-betonmanufaktur.com<br \/><strong>Telefono:<\/strong> +49 (0) 90 81 \/ 80 96 &#8211; 0<\/p>\n<h2>Risoluzione delle controversie nell&#8217;UE<\/h2>\n<p>La Commissione europea offre una piattaforma per la risoluzione delle controversie online (ODR):<\/p>\n<p>https:\/\/ec.europa.eu\/consumers\/odr\/.<\/p>\n<p>Il nostro indirizzo e-mail \u00e8 riportato nel riquadro in alto.<\/p>\n<h2>Risoluzione delle controversie dei consumatori\/Consiglio arbitrale universale<\/h2>\n<p>Non siamo disposti o obbligati a partecipare a procedure di risoluzione delle controversie davanti a un collegio arbitrale dei consumatori.<\/p>\n<p><strong><br \/>Responsabilit\u00e0 per i contenuti<\/strong><br \/>I contenuti delle nostre pagine sono stati creati con la massima cura. Tuttavia, non ci assumiamo alcuna responsabilit\u00e0 per la correttezza, la completezza e l&#8217;attualit\u00e0 dei contenuti. In qualit\u00e0 di fornitore di servizi, siamo, in conformit\u00e0 con il \u00a7 7 Para. 1 TMG \u00e8 responsabile dei propri contenuti su queste pagine in conformit\u00e0 alle leggi generali. Ai sensi dei \u00a7\u00a7 8-10 TMG, tuttavia, non siamo obbligati, in qualit\u00e0 di fornitore di servizi, a monitorare le informazioni trasmesse o memorizzate da terzi o a indagare su circostanze che indicano un&#8217;attivit\u00e0 illegale. L&#8217;obbligo di rimuovere o bloccare l&#8217;uso delle informazioni in conformit\u00e0 alle leggi generali rimane inalterato. Tuttavia, la responsabilit\u00e0 in questo senso \u00e8 possibile solo a partire dal momento in cui si viene a conoscenza di una violazione concreta. Se veniamo a conoscenza di tali violazioni, rimuoveremo immediatamente i contenuti.<\/p>\n\t\t\t\t\t\t\t\t<\/div>\n\t\t\t\t<\/div>\n\t\t\t\t\t<\/div>\n\t\t<\/div>\n\t\t\t\t\t<\/div>\n\t\t<\/section>\n\t\t\t\t<section class=\"elementor-section elementor-top-section elementor-element elementor-element-387f452f elementor-section-boxed elementor-section-height-default elementor-section-height-default\" data-id=\"387f452f\" data-element_type=\"section\">\n\t\t\t\t\t\t<div class=\"elementor-container elementor-column-gap-default\">\n\t\t\t\t\t<div class=\"elementor-column elementor-col-100 elementor-top-column elementor-element elementor-element-f6ac5b3\" data-id=\"f6ac5b3\" data-element_type=\"column\">\n\t\t\t<div class=\"elementor-widget-wrap elementor-element-populated\">\n\t\t\t\t\t\t<div class=\"elementor-element elementor-element-354aac0 elementor-widget elementor-widget-spacer\" data-id=\"354aac0\" data-element_type=\"widget\" data-widget_type=\"spacer.default\">\n\t\t\t\t<div class=\"elementor-widget-container\">\n\t\t\t\t\t\t\t<div class=\"elementor-spacer\">\n\t\t\t<div class=\"elementor-spacer-inner\"><\/div>\n\t\t<\/div>\n\t\t\t\t\t\t<\/div>\n\t\t\t\t<\/div>\n\t\t\t\t\t<\/div>\n\t\t<\/div>\n\t\t\t\t\t<\/div>\n\t\t<\/section>\n\t\t\t\t<section class=\"elementor-section elementor-top-section elementor-element elementor-element-2691cfae elementor-section-boxed elementor-section-height-default elementor-section-height-default\" data-id=\"2691cfae\" data-element_type=\"section\">\n\t\t\t\t\t\t<div class=\"elementor-container elementor-column-gap-default\">\n\t\t\t\t\t<div class=\"elementor-column elementor-col-100 elementor-top-column elementor-element elementor-element-35aeff1e\" data-id=\"35aeff1e\" data-element_type=\"column\">\n\t\t\t<div class=\"elementor-widget-wrap elementor-element-populated\">\n\t\t\t\t\t\t<div class=\"elementor-element elementor-element-41ae0d1c elementor-widget elementor-widget-spacer\" data-id=\"41ae0d1c\" data-element_type=\"widget\" data-widget_type=\"spacer.default\">\n\t\t\t\t<div class=\"elementor-widget-container\">\n\t\t\t\t\t\t\t<div class=\"elementor-spacer\">\n\t\t\t<div class=\"elementor-spacer-inner\"><\/div>\n\t\t<\/div>\n\t\t\t\t\t\t<\/div>\n\t\t\t\t<\/div>\n\t\t\t\t\t<\/div>\n\t\t<\/div>\n\t\t\t\t\t<\/div>\n\t\t<\/section>\n\t\t\t\t<\/div>\n\t\t","protected":false},"excerpt":{"rendered":"<p>Impronta Informazioni ai sensi del \u00a7 5 TMG Eigner Betonmanufaktur GmbH &amp; Co KGReutheweg 2186720 N\u00f6rdlingen Registro commerciale: HRA 20224Tribunale: Augusta Rappresentato da:Eigner Betonmanufaktur Verwaltungs GmbHReutheweg 2186720 N\u00f6rdlingen Rappresentato da:Werner LutherWolfram UhlG\u00fcnter Diethei Registro delle imprese: HRB 34739Tribunale: Augusta Contatto Telefono: 09081 8096-0E-mail: info@eigner-betonmanufaktur.com ID IVA Numero di identificazione dell&#8217;imposta sulle vendite ai sensi del [&hellip;]<\/p>\n","protected":false},"author":1,"featured_media":0,"parent":0,"menu_order":0,"comment_status":"closed","ping_status":"closed","template":"elementor_header_footer","meta":{"footnotes":""},"class_list":["post-2419","page","type-page","status-publish","hentry"],"yoast_head":"<!-- This site is optimized with the Yoast SEO plugin v24.8.1 - https:\/\/yoast.com\/wordpress\/plugins\/seo\/ -->\n<title>Impronta Eigner Betonmanufaktur<\/title>\n<meta name=\"description\" content=\"Eigner Betonmanufaktur GmbH &amp; Co KGReutheweg 2186720 N\u00f6rdlingenRegistro delle imprese: HRA 20224\" \/>\n<meta name=\"robots\" content=\"index, follow, max-snippet:-1, max-image-preview:large, max-video-preview:-1\" \/>\n<link rel=\"canonical\" href=\"https:\/\/eigner-betonmanufaktur.com\/it\/impronta\/\" \/>\n<meta property=\"og:locale\" content=\"it_IT\" \/>\n<meta property=\"og:type\" content=\"article\" \/>\n<meta property=\"og:title\" content=\"Impronta Eigner Betonmanufaktur\" \/>\n<meta property=\"og:description\" content=\"Eigner Betonmanufaktur GmbH &amp; Co KGReutheweg 2186720 N\u00f6rdlingenRegistro delle imprese: HRA 20224\" \/>\n<meta property=\"og:url\" content=\"https:\/\/eigner-betonmanufaktur.com\/it\/impronta\/\" \/>\n<meta property=\"og:site_name\" content=\"Eigner Betonmanufaktur\" \/>\n<meta property=\"article:modified_time\" content=\"2023-10-11T14:09:18+00:00\" \/>\n<meta name=\"twitter:card\" content=\"summary_large_image\" \/>\n<meta name=\"twitter:label1\" content=\"Tempo di lettura stimato\" \/>\n\t<meta name=\"twitter:data1\" content=\"1 minuto\" \/>\n<script type=\"application\/ld+json\" class=\"yoast-schema-graph\">{\"@context\":\"https:\/\/schema.org\",\"@graph\":[{\"@type\":\"WebPage\",\"@id\":\"https:\/\/eigner-betonmanufaktur.com\/it\/impronta\/\",\"url\":\"https:\/\/eigner-betonmanufaktur.com\/it\/impronta\/\",\"name\":\"Impronta Eigner Betonmanufaktur\",\"isPartOf\":{\"@id\":\"https:\/\/eigner-betonmanufaktur.com\/it\/#website\"},\"datePublished\":\"2022-02-23T10:54:53+00:00\",\"dateModified\":\"2023-10-11T14:09:18+00:00\",\"description\":\"Eigner Betonmanufaktur GmbH & Co KGReutheweg 2186720 N\u00f6rdlingenRegistro delle imprese: HRA 20224\",\"breadcrumb\":{\"@id\":\"https:\/\/eigner-betonmanufaktur.com\/it\/impronta\/#breadcrumb\"},\"inLanguage\":\"it-IT\",\"potentialAction\":[{\"@type\":\"ReadAction\",\"target\":[\"https:\/\/eigner-betonmanufaktur.com\/it\/impronta\/\"]}]},{\"@type\":\"BreadcrumbList\",\"@id\":\"https:\/\/eigner-betonmanufaktur.com\/it\/impronta\/#breadcrumb\",\"itemListElement\":[{\"@type\":\"ListItem\",\"position\":1,\"name\":\"Startseite\",\"item\":\"https:\/\/eigner-betonmanufaktur.com\/it\/casa\/\"},{\"@type\":\"ListItem\",\"position\":2,\"name\":\"Impronta\"}]},{\"@type\":\"WebSite\",\"@id\":\"https:\/\/eigner-betonmanufaktur.com\/it\/#website\",\"url\":\"https:\/\/eigner-betonmanufaktur.com\/it\/\",\"name\":\"Eigner Betonmanufaktur\",\"description\":\"\",\"potentialAction\":[{\"@type\":\"SearchAction\",\"target\":{\"@type\":\"EntryPoint\",\"urlTemplate\":\"https:\/\/eigner-betonmanufaktur.com\/it\/?s={search_term_string}\"},\"query-input\":{\"@type\":\"PropertyValueSpecification\",\"valueRequired\":true,\"valueName\":\"search_term_string\"}}],\"inLanguage\":\"it-IT\"}]}<\/script>\n<!-- \/ Yoast SEO plugin. -->","yoast_head_json":{"title":"Impronta Eigner Betonmanufaktur","description":"Eigner Betonmanufaktur GmbH & Co KGReutheweg 2186720 N\u00f6rdlingenRegistro delle imprese: HRA 20224","robots":{"index":"index","follow":"follow","max-snippet":"max-snippet:-1","max-image-preview":"max-image-preview:large","max-video-preview":"max-video-preview:-1"},"canonical":"https:\/\/eigner-betonmanufaktur.com\/it\/impronta\/","og_locale":"it_IT","og_type":"article","og_title":"Impronta Eigner Betonmanufaktur","og_description":"Eigner Betonmanufaktur GmbH & Co KGReutheweg 2186720 N\u00f6rdlingenRegistro delle imprese: HRA 20224","og_url":"https:\/\/eigner-betonmanufaktur.com\/it\/impronta\/","og_site_name":"Eigner Betonmanufaktur","article_modified_time":"2023-10-11T14:09:18+00:00","twitter_card":"summary_large_image","twitter_misc":{"Tempo di lettura stimato":"1 minuto"},"schema":{"@context":"https:\/\/schema.org","@graph":[{"@type":"WebPage","@id":"https:\/\/eigner-betonmanufaktur.com\/it\/impronta\/","url":"https:\/\/eigner-betonmanufaktur.com\/it\/impronta\/","name":"Impronta Eigner Betonmanufaktur","isPartOf":{"@id":"https:\/\/eigner-betonmanufaktur.com\/it\/#website"},"datePublished":"2022-02-23T10:54:53+00:00","dateModified":"2023-10-11T14:09:18+00:00","description":"Eigner Betonmanufaktur GmbH & Co KGReutheweg 2186720 N\u00f6rdlingenRegistro delle imprese: HRA 20224","breadcrumb":{"@id":"https:\/\/eigner-betonmanufaktur.com\/it\/impronta\/#breadcrumb"},"inLanguage":"it-IT","potentialAction":[{"@type":"ReadAction","target":["https:\/\/eigner-betonmanufaktur.com\/it\/impronta\/"]}]},{"@type":"BreadcrumbList","@id":"https:\/\/eigner-betonmanufaktur.com\/it\/impronta\/#breadcrumb","itemListElement":[{"@type":"ListItem","position":1,"name":"Startseite","item":"https:\/\/eigner-betonmanufaktur.com\/it\/casa\/"},{"@type":"ListItem","position":2,"name":"Impronta"}]},{"@type":"WebSite","@id":"https:\/\/eigner-betonmanufaktur.com\/it\/#website","url":"https:\/\/eigner-betonmanufaktur.com\/it\/","name":"Eigner Betonmanufaktur","description":"","potentialAction":[{"@type":"SearchAction","target":{"@type":"EntryPoint","urlTemplate":"https:\/\/eigner-betonmanufaktur.com\/it\/?s={search_term_string}"},"query-input":{"@type":"PropertyValueSpecification","valueRequired":true,"valueName":"search_term_string"}}],"inLanguage":"it-IT"}]}},"_links":{"self":[{"href":"https:\/\/eigner-betonmanufaktur.com\/it\/wp-json\/wp\/v2\/pages\/2419","targetHints":{"allow":["GET"]}}],"collection":[{"href":"https:\/\/eigner-betonmanufaktur.com\/it\/wp-json\/wp\/v2\/pages"}],"about":[{"href":"https:\/\/eigner-betonmanufaktur.com\/it\/wp-json\/wp\/v2\/types\/page"}],"author":[{"embeddable":true,"href":"https:\/\/eigner-betonmanufaktur.com\/it\/wp-json\/wp\/v2\/users\/1"}],"replies":[{"embeddable":true,"href":"https:\/\/eigner-betonmanufaktur.com\/it\/wp-json\/wp\/v2\/comments?post=2419"}],"version-history":[{"count":1,"href":"https:\/\/eigner-betonmanufaktur.com\/it\/wp-json\/wp\/v2\/pages\/2419\/revisions"}],"predecessor-version":[{"id":2421,"href":"https:\/\/eigner-betonmanufaktur.com\/it\/wp-json\/wp\/v2\/pages\/2419\/revisions\/2421"}],"wp:attachment":[{"href":"https:\/\/eigner-betonmanufaktur.com\/it\/wp-json\/wp\/v2\/media?parent=2419"}],"curies":[{"name":"wp","href":"https:\/\/api.w.org\/{rel}","templated":true}]}}