{"id":2499,"date":"2022-02-24T12:31:33","date_gmt":"2022-02-24T11:31:33","guid":{"rendered":"https:\/\/eigner-betonmanufaktur.com\/politica-di-cancellazione\/"},"modified":"2023-10-11T16:12:52","modified_gmt":"2023-10-11T14:12:52","slug":"politica-di-cancellazione","status":"publish","type":"page","link":"https:\/\/eigner-betonmanufaktur.com\/it\/politica-di-cancellazione\/","title":{"rendered":"Politica di cancellazione"},"content":{"rendered":"\t\t<div data-elementor-type=\"wp-page\" data-elementor-id=\"2499\" class=\"elementor elementor-2499 elementor-334\" data-elementor-post-type=\"page\">\n\t\t\t\t\t\t<section class=\"elementor-section elementor-top-section elementor-element elementor-element-28dd4cbc elementor-section-boxed elementor-section-height-default elementor-section-height-default\" data-id=\"28dd4cbc\" data-element_type=\"section\">\n\t\t\t\t\t\t<div class=\"elementor-container elementor-column-gap-default\">\n\t\t\t\t\t<div class=\"elementor-column elementor-col-100 elementor-top-column elementor-element elementor-element-380d16b7\" data-id=\"380d16b7\" data-element_type=\"column\">\n\t\t\t<div class=\"elementor-widget-wrap elementor-element-populated\">\n\t\t\t\t\t\t<div class=\"elementor-element elementor-element-239aa2a0 elementor-widget elementor-widget-text-editor\" data-id=\"239aa2a0\" data-element_type=\"widget\" data-widget_type=\"text-editor.default\">\n\t\t\t\t<div class=\"elementor-widget-container\">\n\t\t\t\t\t\t\t\t\t<h3>Diritto di recesso per i consumatori<\/h3>\n<p>(Per consumatore si intende qualsiasi persona fisica che stipula un negozio giuridico per scopi prevalentemente non commerciali o di lavoro autonomo).<\/p>\n<h1>Politica di cancellazione<\/h1>\n<h3>Diritto di recesso<\/h3>\n<p>Il cliente ha il diritto di recedere dal contratto entro quattordici giorni senza fornire alcuna motivazione.<\/p>\n<p>Il periodo di recesso \u00e8 di quattordici giorni dalla data,<\/p>\n<ul>\n<li>in cui voi o un terzo da voi indicato, che non sia il vettore, avete preso o avete preso possesso della merce, se avete ordinato una o pi\u00f9 merci come parte di un ordine uniforme e queste sono o saranno consegnate in modo uniforme, oppure<\/li>\n<li>il giorno in cui voi o un terzo da voi indicato, che non sia il vettore, avete preso possesso dell&#8217;ultima merce o ha preso possesso dell&#8217;ultima merce, se avete ordinato diverse merci come parte di un ordine uniforme e queste vengono consegnate separatamente, oppure<\/li>\n<li>il giorno in cui voi o un terzo da voi indicato, che non sia il vettore, avete preso possesso dell&#8217;ultima consegna parziale o dell&#8217;ultimo pezzo, se avete ordinato merci consegnate in pi\u00f9 consegne parziali o pezzi, oppure<\/li>\n<li>nel momento in cui voi o un terzo da voi indicato, che non sia il vettore, avete preso o avete preso possesso della prima merce, se avete stipulato un contratto per la consegna regolare della merce in un periodo di tempo determinato.<\/li>\n<\/ul>\n<p>Per esercitare il diritto di recesso, l&#8217;utente \u00e8 tenuto a informarci (Eigner Betonmanufaktur GmbH &amp; Co. KG, Reutheweg 21, 86720 N\u00f6rdlingen, Germania, numero di telefono: 09081 8096-0, indirizzo e-mail: info@eigner-betonmanufaktur.com) mediante una dichiarazione chiara (ad es. lettera inviata per posta, e-mail) della sua decisione di recedere dal presente contratto. A tal fine \u00e8 possibile utilizzare il modello di modulo di recesso allegato, che tuttavia non \u00e8 obbligatorio.<\/p>\n<p>Per rispettare il termine di cancellazione, \u00e8 sufficiente che l&#8217;utente invii la notifica dell&#8217;esercizio del diritto di cancellazione prima della scadenza del periodo di cancellazione.<\/p>\n<h3>Conseguenze della revoca<\/h3>\n<p>Se l&#8217;utente recede dal presente contratto, dobbiamo rimborsare tutti i pagamenti ricevuti dall&#8217;utente, compresi i costi di consegna (ad eccezione dei costi aggiuntivi derivanti dal fatto che l&#8217;utente ha scelto un tipo di consegna diverso dalla consegna standard pi\u00f9 economica da noi offerta), senza indugio e al pi\u00f9 tardi entro quattordici giorni dal giorno in cui abbiamo ricevuto la notifica del recesso dal presente contratto. Per questo rimborso, utilizziamo lo stesso mezzo di pagamento che avete usato per la transazione originale, a meno che non sia stato espressamente concordato diversamente con voi; in nessun caso vi sar\u00e0 addebitato un costo per questo rimborso.<\/p>\n<p>Potremmo rifiutare il rimborso finch\u00e9 non avremo ricevuto la merce o finch\u00e9 il cliente non avr\u00e0 fornito la prova di averla restituita, a seconda di quale delle due condizioni si verifichi per prima.<\/p>\n<p>Dovrete restituire o consegnare la merce a noi senza indugio e in ogni caso non oltre quattordici giorni dal giorno in cui ci avete comunicato l&#8217;annullamento del presente contratto. Il termine \u00e8 rispettato se si spedisce la merce prima della scadenza del periodo di quattordici giorni.<\/p>\n<p>I costi diretti della restituzione della merce sono a carico del cliente.<\/p>\n<p>Il cliente \u00e8 tenuto a pagare l&#8217;eventuale perdita di valore della merce solo se tale perdita di valore \u00e8 dovuta a una manipolazione della merce non necessaria per testare la qualit\u00e0, le caratteristiche e il funzionamento della stessa.<\/p>\n<h2>Esempio di modulo di cancellazione<\/h2>\n<p>(Se si desidera revocare il contratto, si prega di compilare e restituire il presente modulo).<\/p>\n<p>&#8211; Un<\/p>\n<p>Eigner Betonmanufaktur GmbH &amp; Co. KG, Reutheweg 21, 86720 N\u00f6rdlingen, Germania, numero di telefono: 09081 8096-0, indirizzo e-mail: info@eigner-betonmanufaktur.com<\/p>\n<p>&#8211; Io\/noi (*) revochiamo il contratto da me\/noi (*) stipulato per l&#8217;acquisto dei seguenti beni (*)\/la fornitura del seguente servizio (*)<\/p>\n<p>&#8211; Ordinato il (*)\/ricevuto il (*)<\/p>\n<p>&#8211; Nome del\/i consumatore\/i<\/p>\n<p>&#8211; Indirizzo del\/i consumatore\/i<\/p>\n<p>&#8211; Firma del\/i consumatore\/i (solo in caso di notifica su carta)<\/p>\n<p>&#8211; Data<\/p>\n<p>___________<br \/>(*) Cancellare la dicitura non pertinente.<\/p>\n\t\t\t\t\t\t\t\t<\/div>\n\t\t\t\t<\/div>\n\t\t\t\t\t<\/div>\n\t\t<\/div>\n\t\t\t\t\t<\/div>\n\t\t<\/section>\n\t\t\t\t<\/div>\n\t\t","protected":false},"excerpt":{"rendered":"<p>Diritto di recesso per i consumatori (Per consumatore si intende qualsiasi persona fisica che stipula un negozio giuridico per scopi prevalentemente non commerciali o di lavoro autonomo). Politica di cancellazione Diritto di recesso Il cliente ha il diritto di recedere dal contratto entro quattordici giorni senza fornire alcuna motivazione. Il periodo di recesso \u00e8 di [&hellip;]<\/p>\n","protected":false},"author":1,"featured_media":0,"parent":0,"menu_order":0,"comment_status":"closed","ping_status":"closed","template":"","meta":{"footnotes":""},"class_list":["post-2499","page","type-page","status-publish","hentry"],"yoast_head":"<!-- This site is optimized with the Yoast SEO plugin v24.8.1 - https:\/\/yoast.com\/wordpress\/plugins\/seo\/ -->\n<title>EIGNER Betonmanufaktur - Politica di cancellazione<\/title>\n<meta name=\"description\" content=\"Politica di cancellazione - Eigner Betonmanufaktur GmbH &amp; Co. KG, Reutheweg 21, 86720 N\u00f6rdlingen.\" \/>\n<meta name=\"robots\" content=\"index, follow, max-snippet:-1, max-image-preview:large, max-video-preview:-1\" \/>\n<link rel=\"canonical\" href=\"https:\/\/eigner-betonmanufaktur.com\/it\/politica-di-cancellazione\/\" \/>\n<meta property=\"og:locale\" content=\"it_IT\" \/>\n<meta property=\"og:type\" content=\"article\" \/>\n<meta property=\"og:title\" content=\"EIGNER Betonmanufaktur - Politica di cancellazione\" \/>\n<meta property=\"og:description\" content=\"Politica di cancellazione - Eigner Betonmanufaktur GmbH &amp; Co. KG, Reutheweg 21, 86720 N\u00f6rdlingen.\" \/>\n<meta property=\"og:url\" content=\"https:\/\/eigner-betonmanufaktur.com\/it\/politica-di-cancellazione\/\" \/>\n<meta property=\"og:site_name\" content=\"Eigner Betonmanufaktur\" \/>\n<meta property=\"article:modified_time\" content=\"2023-10-11T14:12:52+00:00\" \/>\n<meta name=\"twitter:card\" content=\"summary_large_image\" \/>\n<meta name=\"twitter:label1\" content=\"Tempo di lettura stimato\" \/>\n\t<meta name=\"twitter:data1\" content=\"3 minuti\" \/>\n<script type=\"application\/ld+json\" class=\"yoast-schema-graph\">{\"@context\":\"https:\/\/schema.org\",\"@graph\":[{\"@type\":\"WebPage\",\"@id\":\"https:\/\/eigner-betonmanufaktur.com\/it\/politica-di-cancellazione\/\",\"url\":\"https:\/\/eigner-betonmanufaktur.com\/it\/politica-di-cancellazione\/\",\"name\":\"EIGNER Betonmanufaktur - Politica di cancellazione\",\"isPartOf\":{\"@id\":\"https:\/\/eigner-betonmanufaktur.com\/it\/#website\"},\"datePublished\":\"2022-02-24T11:31:33+00:00\",\"dateModified\":\"2023-10-11T14:12:52+00:00\",\"description\":\"Politica di cancellazione - Eigner Betonmanufaktur GmbH & Co. KG, Reutheweg 21, 86720 N\u00f6rdlingen.\",\"breadcrumb\":{\"@id\":\"https:\/\/eigner-betonmanufaktur.com\/it\/politica-di-cancellazione\/#breadcrumb\"},\"inLanguage\":\"it-IT\",\"potentialAction\":[{\"@type\":\"ReadAction\",\"target\":[\"https:\/\/eigner-betonmanufaktur.com\/it\/politica-di-cancellazione\/\"]}]},{\"@type\":\"BreadcrumbList\",\"@id\":\"https:\/\/eigner-betonmanufaktur.com\/it\/politica-di-cancellazione\/#breadcrumb\",\"itemListElement\":[{\"@type\":\"ListItem\",\"position\":1,\"name\":\"Startseite\",\"item\":\"https:\/\/eigner-betonmanufaktur.com\/it\/casa\/\"},{\"@type\":\"ListItem\",\"position\":2,\"name\":\"Politica di cancellazione\"}]},{\"@type\":\"WebSite\",\"@id\":\"https:\/\/eigner-betonmanufaktur.com\/it\/#website\",\"url\":\"https:\/\/eigner-betonmanufaktur.com\/it\/\",\"name\":\"Eigner Betonmanufaktur\",\"description\":\"\",\"potentialAction\":[{\"@type\":\"SearchAction\",\"target\":{\"@type\":\"EntryPoint\",\"urlTemplate\":\"https:\/\/eigner-betonmanufaktur.com\/it\/?s={search_term_string}\"},\"query-input\":{\"@type\":\"PropertyValueSpecification\",\"valueRequired\":true,\"valueName\":\"search_term_string\"}}],\"inLanguage\":\"it-IT\"}]}<\/script>\n<!-- \/ Yoast SEO plugin. -->","yoast_head_json":{"title":"EIGNER Betonmanufaktur - Politica di cancellazione","description":"Politica di cancellazione - Eigner Betonmanufaktur GmbH & Co. KG, Reutheweg 21, 86720 N\u00f6rdlingen.","robots":{"index":"index","follow":"follow","max-snippet":"max-snippet:-1","max-image-preview":"max-image-preview:large","max-video-preview":"max-video-preview:-1"},"canonical":"https:\/\/eigner-betonmanufaktur.com\/it\/politica-di-cancellazione\/","og_locale":"it_IT","og_type":"article","og_title":"EIGNER Betonmanufaktur - Politica di cancellazione","og_description":"Politica di cancellazione - Eigner Betonmanufaktur GmbH & Co. KG, Reutheweg 21, 86720 N\u00f6rdlingen.","og_url":"https:\/\/eigner-betonmanufaktur.com\/it\/politica-di-cancellazione\/","og_site_name":"Eigner Betonmanufaktur","article_modified_time":"2023-10-11T14:12:52+00:00","twitter_card":"summary_large_image","twitter_misc":{"Tempo di lettura stimato":"3 minuti"},"schema":{"@context":"https:\/\/schema.org","@graph":[{"@type":"WebPage","@id":"https:\/\/eigner-betonmanufaktur.com\/it\/politica-di-cancellazione\/","url":"https:\/\/eigner-betonmanufaktur.com\/it\/politica-di-cancellazione\/","name":"EIGNER Betonmanufaktur - Politica di cancellazione","isPartOf":{"@id":"https:\/\/eigner-betonmanufaktur.com\/it\/#website"},"datePublished":"2022-02-24T11:31:33+00:00","dateModified":"2023-10-11T14:12:52+00:00","description":"Politica di cancellazione - Eigner Betonmanufaktur GmbH & Co. KG, Reutheweg 21, 86720 N\u00f6rdlingen.","breadcrumb":{"@id":"https:\/\/eigner-betonmanufaktur.com\/it\/politica-di-cancellazione\/#breadcrumb"},"inLanguage":"it-IT","potentialAction":[{"@type":"ReadAction","target":["https:\/\/eigner-betonmanufaktur.com\/it\/politica-di-cancellazione\/"]}]},{"@type":"BreadcrumbList","@id":"https:\/\/eigner-betonmanufaktur.com\/it\/politica-di-cancellazione\/#breadcrumb","itemListElement":[{"@type":"ListItem","position":1,"name":"Startseite","item":"https:\/\/eigner-betonmanufaktur.com\/it\/casa\/"},{"@type":"ListItem","position":2,"name":"Politica di cancellazione"}]},{"@type":"WebSite","@id":"https:\/\/eigner-betonmanufaktur.com\/it\/#website","url":"https:\/\/eigner-betonmanufaktur.com\/it\/","name":"Eigner Betonmanufaktur","description":"","potentialAction":[{"@type":"SearchAction","target":{"@type":"EntryPoint","urlTemplate":"https:\/\/eigner-betonmanufaktur.com\/it\/?s={search_term_string}"},"query-input":{"@type":"PropertyValueSpecification","valueRequired":true,"valueName":"search_term_string"}}],"inLanguage":"it-IT"}]}},"_links":{"self":[{"href":"https:\/\/eigner-betonmanufaktur.com\/it\/wp-json\/wp\/v2\/pages\/2499","targetHints":{"allow":["GET"]}}],"collection":[{"href":"https:\/\/eigner-betonmanufaktur.com\/it\/wp-json\/wp\/v2\/pages"}],"about":[{"href":"https:\/\/eigner-betonmanufaktur.com\/it\/wp-json\/wp\/v2\/types\/page"}],"author":[{"embeddable":true,"href":"https:\/\/eigner-betonmanufaktur.com\/it\/wp-json\/wp\/v2\/users\/1"}],"replies":[{"embeddable":true,"href":"https:\/\/eigner-betonmanufaktur.com\/it\/wp-json\/wp\/v2\/comments?post=2499"}],"version-history":[{"count":1,"href":"https:\/\/eigner-betonmanufaktur.com\/it\/wp-json\/wp\/v2\/pages\/2499\/revisions"}],"predecessor-version":[{"id":2502,"href":"https:\/\/eigner-betonmanufaktur.com\/it\/wp-json\/wp\/v2\/pages\/2499\/revisions\/2502"}],"wp:attachment":[{"href":"https:\/\/eigner-betonmanufaktur.com\/it\/wp-json\/wp\/v2\/media?parent=2499"}],"curies":[{"name":"wp","href":"https:\/\/api.w.org\/{rel}","templated":true}]}}