{"id":2470,"date":"2022-02-25T11:37:44","date_gmt":"2022-02-25T10:37:44","guid":{"rendered":"https:\/\/eigner-betonmanufaktur.com\/produkt\/garage-per-tosaerba-robotizzato-jan\/"},"modified":"2022-02-25T11:37:44","modified_gmt":"2022-02-25T10:37:44","slug":"garage-per-tosaerba-robotizzato-jan","status":"publish","type":"product","link":"https:\/\/eigner-betonmanufaktur.com\/it\/produkt\/garage-per-tosaerba-robotizzato-jan\/","title":{"rendered":"Garage per tosaerba robotizzato &#8220;Jan"},"content":{"rendered":"<p>Il nostro garage per robot tagliaerba &#8220;Jan&#8221; offre al vostro laborioso aiutante di giardino una casa sicura. &#8220;Jan&#8221; protegge dalla pioggia e dai raggi solari ed \u00e8 anche un elemento decorativo che pu\u00f2 costituire un punto di forza nel giardino. Il vialetto \u00e8 tenuto particolarmente largo per facilitare il parcheggio e non essere riconosciuto come un ostacolo. Questa apertura d&#8217;ingresso pu\u00f2 essere personalizzata su richiesta.<\/p>\n","protected":false},"excerpt":{"rendered":"<p>Protezione decorativa dalle intemperie per tosaerba robotizzati con dispositivo di caricamento. Particolarmente ampio<br \/>\nL&#8217;ingresso non attiva il rilevamento degli ostacoli. Pu\u00f2 essere esposto alle condizioni atmosferiche tutto l&#8217;anno.<br \/>\nessere esposti. Regolazione dell&#8217;apertura d&#8217;ingresso su richiesta.<\/p>\n","protected":false},"featured_media":2784,"comment_status":"open","ping_status":"closed","template":"","meta":[],"product_brand":[],"product_cat":[128],"product_tag":[],"class_list":{"0":"post-2470","1":"product","2":"type-product","3":"status-publish","4":"has-post-thumbnail","6":"product_cat-decorazione-per-esterni","8":"first","9":"instock","10":"taxable","11":"shipping-taxable","12":"purchasable","13":"product-type-simple"},"yoast_head":"<!-- This site is optimized with the Yoast SEO plugin v24.8.1 - https:\/\/yoast.com\/wordpress\/plugins\/seo\/ -->\n<title>Protezione decorativa dalle intemperie per tosaerba robotizzati con dispositivo di caricamento.<\/title>\n<meta name=\"description\" content=\"Protezione decorativa dalle intemperie per tosaerba robotizzati con dispositivo di caricamento. Pu\u00f2 essere esposto alle condizioni atmosferiche tutto l&#039;anno.\" \/>\n<meta name=\"robots\" content=\"index, follow, max-snippet:-1, max-image-preview:large, max-video-preview:-1\" \/>\n<link rel=\"canonical\" href=\"https:\/\/eigner-betonmanufaktur.com\/it\/produkt\/garage-per-tosaerba-robotizzato-jan\/\" \/>\n<meta property=\"og:locale\" content=\"it_IT\" \/>\n<meta property=\"og:type\" content=\"article\" \/>\n<meta property=\"og:title\" content=\"Protezione decorativa dalle intemperie per tosaerba robotizzati con dispositivo di caricamento.\" \/>\n<meta property=\"og:description\" content=\"Protezione decorativa dalle intemperie per tosaerba robotizzati con dispositivo di caricamento. Pu\u00f2 essere esposto alle condizioni atmosferiche tutto l&#039;anno.\" \/>\n<meta property=\"og:url\" content=\"https:\/\/eigner-betonmanufaktur.com\/it\/produkt\/garage-per-tosaerba-robotizzato-jan\/\" \/>\n<meta property=\"og:site_name\" content=\"Eigner Betonmanufaktur\" \/>\n<meta property=\"og:image\" content=\"https:\/\/eigner-betonmanufaktur.com\/wp-content\/uploads\/2022\/02\/eigner-betonmanufaktur_mood_ambiente_garage-rasenmaeher.jpg\" \/>\n\t<meta property=\"og:image:width\" content=\"800\" \/>\n\t<meta property=\"og:image:height\" content=\"533\" \/>\n\t<meta property=\"og:image:type\" content=\"image\/jpeg\" \/>\n<meta name=\"twitter:card\" content=\"summary_large_image\" \/>\n<script type=\"application\/ld+json\" class=\"yoast-schema-graph\">{\"@context\":\"https:\/\/schema.org\",\"@graph\":[{\"@type\":\"WebPage\",\"@id\":\"https:\/\/eigner-betonmanufaktur.com\/it\/produkt\/garage-per-tosaerba-robotizzato-jan\/\",\"url\":\"https:\/\/eigner-betonmanufaktur.com\/it\/produkt\/garage-per-tosaerba-robotizzato-jan\/\",\"name\":\"Protezione decorativa dalle intemperie per tosaerba robotizzati con dispositivo di caricamento.\",\"isPartOf\":{\"@id\":\"https:\/\/eigner-betonmanufaktur.com\/it\/#website\"},\"primaryImageOfPage\":{\"@id\":\"https:\/\/eigner-betonmanufaktur.com\/it\/produkt\/garage-per-tosaerba-robotizzato-jan\/#primaryimage\"},\"image\":{\"@id\":\"https:\/\/eigner-betonmanufaktur.com\/it\/produkt\/garage-per-tosaerba-robotizzato-jan\/#primaryimage\"},\"thumbnailUrl\":\"https:\/\/eigner-betonmanufaktur.com\/wp-content\/uploads\/2022\/02\/eigner-betonmanufaktur_mood_ambiente_garage-rasenmaeher.jpg\",\"datePublished\":\"2022-02-25T10:37:44+00:00\",\"description\":\"Protezione decorativa dalle intemperie per tosaerba robotizzati con dispositivo di caricamento. Pu\u00f2 essere esposto alle condizioni atmosferiche tutto l'anno.\",\"breadcrumb\":{\"@id\":\"https:\/\/eigner-betonmanufaktur.com\/it\/produkt\/garage-per-tosaerba-robotizzato-jan\/#breadcrumb\"},\"inLanguage\":\"it-IT\",\"potentialAction\":[{\"@type\":\"ReadAction\",\"target\":[\"https:\/\/eigner-betonmanufaktur.com\/it\/produkt\/garage-per-tosaerba-robotizzato-jan\/\"]}]},{\"@type\":\"ImageObject\",\"inLanguage\":\"it-IT\",\"@id\":\"https:\/\/eigner-betonmanufaktur.com\/it\/produkt\/garage-per-tosaerba-robotizzato-jan\/#primaryimage\",\"url\":\"https:\/\/eigner-betonmanufaktur.com\/wp-content\/uploads\/2022\/02\/eigner-betonmanufaktur_mood_ambiente_garage-rasenmaeher.jpg\",\"contentUrl\":\"https:\/\/eigner-betonmanufaktur.com\/wp-content\/uploads\/2022\/02\/eigner-betonmanufaktur_mood_ambiente_garage-rasenmaeher.jpg\",\"width\":800,\"height\":533},{\"@type\":\"BreadcrumbList\",\"@id\":\"https:\/\/eigner-betonmanufaktur.com\/it\/produkt\/garage-per-tosaerba-robotizzato-jan\/#breadcrumb\",\"itemListElement\":[{\"@type\":\"ListItem\",\"position\":1,\"name\":\"Startseite\",\"item\":\"https:\/\/eigner-betonmanufaktur.com\/it\/casa\/\"},{\"@type\":\"ListItem\",\"position\":2,\"name\":\"Negozio\",\"item\":\"https:\/\/eigner-betonmanufaktur.com\/it\/negozio\/\"},{\"@type\":\"ListItem\",\"position\":3,\"name\":\"Garage per tosaerba robotizzato &#8222;Jan\"}]},{\"@type\":\"WebSite\",\"@id\":\"https:\/\/eigner-betonmanufaktur.com\/it\/#website\",\"url\":\"https:\/\/eigner-betonmanufaktur.com\/it\/\",\"name\":\"Eigner Betonmanufaktur\",\"description\":\"\",\"potentialAction\":[{\"@type\":\"SearchAction\",\"target\":{\"@type\":\"EntryPoint\",\"urlTemplate\":\"https:\/\/eigner-betonmanufaktur.com\/it\/?s={search_term_string}\"},\"query-input\":{\"@type\":\"PropertyValueSpecification\",\"valueRequired\":true,\"valueName\":\"search_term_string\"}}],\"inLanguage\":\"it-IT\"}]}<\/script>\n<!-- \/ Yoast SEO plugin. -->","yoast_head_json":{"title":"Protezione decorativa dalle intemperie per tosaerba robotizzati con dispositivo di caricamento.","description":"Protezione decorativa dalle intemperie per tosaerba robotizzati con dispositivo di caricamento. Pu\u00f2 essere esposto alle condizioni atmosferiche tutto l'anno.","robots":{"index":"index","follow":"follow","max-snippet":"max-snippet:-1","max-image-preview":"max-image-preview:large","max-video-preview":"max-video-preview:-1"},"canonical":"https:\/\/eigner-betonmanufaktur.com\/it\/produkt\/garage-per-tosaerba-robotizzato-jan\/","og_locale":"it_IT","og_type":"article","og_title":"Protezione decorativa dalle intemperie per tosaerba robotizzati con dispositivo di caricamento.","og_description":"Protezione decorativa dalle intemperie per tosaerba robotizzati con dispositivo di caricamento. Pu\u00f2 essere esposto alle condizioni atmosferiche tutto l'anno.","og_url":"https:\/\/eigner-betonmanufaktur.com\/it\/produkt\/garage-per-tosaerba-robotizzato-jan\/","og_site_name":"Eigner Betonmanufaktur","og_image":[{"width":800,"height":533,"url":"https:\/\/eigner-betonmanufaktur.com\/wp-content\/uploads\/2022\/02\/eigner-betonmanufaktur_mood_ambiente_garage-rasenmaeher.jpg","type":"image\/jpeg"}],"twitter_card":"summary_large_image","schema":{"@context":"https:\/\/schema.org","@graph":[{"@type":"WebPage","@id":"https:\/\/eigner-betonmanufaktur.com\/it\/produkt\/garage-per-tosaerba-robotizzato-jan\/","url":"https:\/\/eigner-betonmanufaktur.com\/it\/produkt\/garage-per-tosaerba-robotizzato-jan\/","name":"Protezione decorativa dalle intemperie per tosaerba robotizzati con dispositivo di caricamento.","isPartOf":{"@id":"https:\/\/eigner-betonmanufaktur.com\/it\/#website"},"primaryImageOfPage":{"@id":"https:\/\/eigner-betonmanufaktur.com\/it\/produkt\/garage-per-tosaerba-robotizzato-jan\/#primaryimage"},"image":{"@id":"https:\/\/eigner-betonmanufaktur.com\/it\/produkt\/garage-per-tosaerba-robotizzato-jan\/#primaryimage"},"thumbnailUrl":"https:\/\/eigner-betonmanufaktur.com\/wp-content\/uploads\/2022\/02\/eigner-betonmanufaktur_mood_ambiente_garage-rasenmaeher.jpg","datePublished":"2022-02-25T10:37:44+00:00","description":"Protezione decorativa dalle intemperie per tosaerba robotizzati con dispositivo di caricamento. Pu\u00f2 essere esposto alle condizioni atmosferiche tutto l'anno.","breadcrumb":{"@id":"https:\/\/eigner-betonmanufaktur.com\/it\/produkt\/garage-per-tosaerba-robotizzato-jan\/#breadcrumb"},"inLanguage":"it-IT","potentialAction":[{"@type":"ReadAction","target":["https:\/\/eigner-betonmanufaktur.com\/it\/produkt\/garage-per-tosaerba-robotizzato-jan\/"]}]},{"@type":"ImageObject","inLanguage":"it-IT","@id":"https:\/\/eigner-betonmanufaktur.com\/it\/produkt\/garage-per-tosaerba-robotizzato-jan\/#primaryimage","url":"https:\/\/eigner-betonmanufaktur.com\/wp-content\/uploads\/2022\/02\/eigner-betonmanufaktur_mood_ambiente_garage-rasenmaeher.jpg","contentUrl":"https:\/\/eigner-betonmanufaktur.com\/wp-content\/uploads\/2022\/02\/eigner-betonmanufaktur_mood_ambiente_garage-rasenmaeher.jpg","width":800,"height":533},{"@type":"BreadcrumbList","@id":"https:\/\/eigner-betonmanufaktur.com\/it\/produkt\/garage-per-tosaerba-robotizzato-jan\/#breadcrumb","itemListElement":[{"@type":"ListItem","position":1,"name":"Startseite","item":"https:\/\/eigner-betonmanufaktur.com\/it\/casa\/"},{"@type":"ListItem","position":2,"name":"Negozio","item":"https:\/\/eigner-betonmanufaktur.com\/it\/negozio\/"},{"@type":"ListItem","position":3,"name":"Garage per tosaerba robotizzato &#8222;Jan"}]},{"@type":"WebSite","@id":"https:\/\/eigner-betonmanufaktur.com\/it\/#website","url":"https:\/\/eigner-betonmanufaktur.com\/it\/","name":"Eigner Betonmanufaktur","description":"","potentialAction":[{"@type":"SearchAction","target":{"@type":"EntryPoint","urlTemplate":"https:\/\/eigner-betonmanufaktur.com\/it\/?s={search_term_string}"},"query-input":{"@type":"PropertyValueSpecification","valueRequired":true,"valueName":"search_term_string"}}],"inLanguage":"it-IT"}]}},"_links":{"self":[{"href":"https:\/\/eigner-betonmanufaktur.com\/it\/wp-json\/wp\/v2\/product\/2470","targetHints":{"allow":["GET"]}}],"collection":[{"href":"https:\/\/eigner-betonmanufaktur.com\/it\/wp-json\/wp\/v2\/product"}],"about":[{"href":"https:\/\/eigner-betonmanufaktur.com\/it\/wp-json\/wp\/v2\/types\/product"}],"replies":[{"embeddable":true,"href":"https:\/\/eigner-betonmanufaktur.com\/it\/wp-json\/wp\/v2\/comments?post=2470"}],"wp:featuredmedia":[{"embeddable":true,"href":"https:\/\/eigner-betonmanufaktur.com\/it\/wp-json\/wp\/v2\/media\/2784"}],"wp:attachment":[{"href":"https:\/\/eigner-betonmanufaktur.com\/it\/wp-json\/wp\/v2\/media?parent=2470"}],"wp:term":[{"taxonomy":"product_brand","embeddable":true,"href":"https:\/\/eigner-betonmanufaktur.com\/it\/wp-json\/wp\/v2\/product_brand?post=2470"},{"taxonomy":"product_cat","embeddable":true,"href":"https:\/\/eigner-betonmanufaktur.com\/it\/wp-json\/wp\/v2\/product_cat?post=2470"},{"taxonomy":"product_tag","embeddable":true,"href":"https:\/\/eigner-betonmanufaktur.com\/it\/wp-json\/wp\/v2\/product_tag?post=2470"}],"curies":[{"name":"wp","href":"https:\/\/api.w.org\/{rel}","templated":true}]}}