{"id":2496,"date":"2022-02-24T13:04:49","date_gmt":"2022-02-24T12:04:49","guid":{"rendered":"https:\/\/eigner-betonmanufaktur.com\/produkt\/colonna-di-fioriera-wolfram\/"},"modified":"2022-02-24T13:04:49","modified_gmt":"2022-02-24T12:04:49","slug":"colonna-di-fioriera-wolfram","status":"publish","type":"product","link":"https:\/\/eigner-betonmanufaktur.com\/it\/produkt\/colonna-di-fioriera-wolfram\/","title":{"rendered":"Colonna di fioriera &#8220;Wolfram"},"content":{"rendered":"<p>La nostra fioriera &#8220;Wolfram&#8221; \u00e8 una bella fioriera slanciata con cinque vaschette per la piantumazione individuale, la decorazione o l&#8217;illuminazione all&#8217;interno o all&#8217;esterno. Grazie alle sue dimensioni compatte, questa fioriera si adatta perfettamente alle terrazze o ai balconi pi\u00f9 piccoli. La nostra colonna di piante \u00e8 molto decorativa anche negli uffici. In questo modo pu\u00f2 fungere da piccolo divisorio per la stanza e fornire una fresca vegetazione nella vita quotidiana in ufficio.<\/p>\n<p>&nbsp;<\/p>\n","protected":false},"excerpt":{"rendered":"<p>Colonna quadrata ritorta con una base di 37 x 37 cm e cinque sporgenze per la<br \/>\nPiantumazione o illuminazione. Per contrastare la fessurazione, la colonna deve essere<br \/>\nI punti di contatto con il substrato umido sono rivestiti in modo impermeabile.<\/p>\n","protected":false},"featured_media":2503,"comment_status":"open","ping_status":"closed","template":"","meta":[],"product_brand":[],"product_cat":[128],"product_tag":[],"class_list":{"0":"post-2496","1":"product","2":"type-product","3":"status-publish","4":"has-post-thumbnail","6":"product_cat-decorazione-per-esterni","8":"first","9":"instock","10":"taxable","11":"shipping-taxable","12":"purchasable","13":"product-type-simple"},"yoast_head":"<!-- This site is optimized with the Yoast SEO plugin v24.8.1 - https:\/\/yoast.com\/wordpress\/plugins\/seo\/ -->\n<title>La fioriera &quot;Wolfram&quot; \u00e8 una fioriera bella e sottile.<\/title>\n<meta name=\"description\" content=\"Fioriera quadrata ritorta &quot;Wolfram&quot; con una superficie di base di 37 x 37 cm e cinque sporgenze per piantare o illuminare.\" \/>\n<meta name=\"robots\" content=\"index, follow, max-snippet:-1, max-image-preview:large, max-video-preview:-1\" \/>\n<link rel=\"canonical\" href=\"https:\/\/eigner-betonmanufaktur.com\/it\/produkt\/colonna-di-fioriera-wolfram\/\" \/>\n<meta property=\"og:locale\" content=\"it_IT\" \/>\n<meta property=\"og:type\" content=\"article\" \/>\n<meta property=\"og:title\" content=\"La fioriera &quot;Wolfram&quot; \u00e8 una fioriera bella e sottile.\" \/>\n<meta property=\"og:description\" content=\"Fioriera quadrata ritorta &quot;Wolfram&quot; con una superficie di base di 37 x 37 cm e cinque sporgenze per piantare o illuminare.\" \/>\n<meta property=\"og:url\" content=\"https:\/\/eigner-betonmanufaktur.com\/it\/produkt\/colonna-di-fioriera-wolfram\/\" \/>\n<meta property=\"og:site_name\" content=\"Eigner Betonmanufaktur\" \/>\n<meta property=\"og:image\" content=\"https:\/\/eigner-betonmanufaktur.com\/wp-content\/uploads\/2022\/02\/eigner-betonmanufaktur_pflanzsaeule.jpg\" \/>\n\t<meta property=\"og:image:width\" content=\"1200\" \/>\n\t<meta property=\"og:image:height\" content=\"1200\" \/>\n\t<meta property=\"og:image:type\" content=\"image\/jpeg\" \/>\n<meta name=\"twitter:card\" content=\"summary_large_image\" \/>\n<script type=\"application\/ld+json\" class=\"yoast-schema-graph\">{\"@context\":\"https:\/\/schema.org\",\"@graph\":[{\"@type\":\"WebPage\",\"@id\":\"https:\/\/eigner-betonmanufaktur.com\/it\/produkt\/colonna-di-fioriera-wolfram\/\",\"url\":\"https:\/\/eigner-betonmanufaktur.com\/it\/produkt\/colonna-di-fioriera-wolfram\/\",\"name\":\"La fioriera \\\"Wolfram\\\" \u00e8 una fioriera bella e sottile.\",\"isPartOf\":{\"@id\":\"https:\/\/eigner-betonmanufaktur.com\/it\/#website\"},\"primaryImageOfPage\":{\"@id\":\"https:\/\/eigner-betonmanufaktur.com\/it\/produkt\/colonna-di-fioriera-wolfram\/#primaryimage\"},\"image\":{\"@id\":\"https:\/\/eigner-betonmanufaktur.com\/it\/produkt\/colonna-di-fioriera-wolfram\/#primaryimage\"},\"thumbnailUrl\":\"https:\/\/eigner-betonmanufaktur.com\/wp-content\/uploads\/2022\/02\/eigner-betonmanufaktur_pflanzsaeule.jpg\",\"datePublished\":\"2022-02-24T12:04:49+00:00\",\"description\":\"Fioriera quadrata ritorta \\\"Wolfram\\\" con una superficie di base di 37 x 37 cm e cinque sporgenze per piantare o illuminare.\",\"breadcrumb\":{\"@id\":\"https:\/\/eigner-betonmanufaktur.com\/it\/produkt\/colonna-di-fioriera-wolfram\/#breadcrumb\"},\"inLanguage\":\"it-IT\",\"potentialAction\":[{\"@type\":\"ReadAction\",\"target\":[\"https:\/\/eigner-betonmanufaktur.com\/it\/produkt\/colonna-di-fioriera-wolfram\/\"]}]},{\"@type\":\"ImageObject\",\"inLanguage\":\"it-IT\",\"@id\":\"https:\/\/eigner-betonmanufaktur.com\/it\/produkt\/colonna-di-fioriera-wolfram\/#primaryimage\",\"url\":\"https:\/\/eigner-betonmanufaktur.com\/wp-content\/uploads\/2022\/02\/eigner-betonmanufaktur_pflanzsaeule.jpg\",\"contentUrl\":\"https:\/\/eigner-betonmanufaktur.com\/wp-content\/uploads\/2022\/02\/eigner-betonmanufaktur_pflanzsaeule.jpg\",\"width\":1200,\"height\":1200},{\"@type\":\"BreadcrumbList\",\"@id\":\"https:\/\/eigner-betonmanufaktur.com\/it\/produkt\/colonna-di-fioriera-wolfram\/#breadcrumb\",\"itemListElement\":[{\"@type\":\"ListItem\",\"position\":1,\"name\":\"Startseite\",\"item\":\"https:\/\/eigner-betonmanufaktur.com\/it\/casa\/\"},{\"@type\":\"ListItem\",\"position\":2,\"name\":\"Negozio\",\"item\":\"https:\/\/eigner-betonmanufaktur.com\/it\/negozio\/\"},{\"@type\":\"ListItem\",\"position\":3,\"name\":\"Colonna di fioriera &#8220;Wolfram\"}]},{\"@type\":\"WebSite\",\"@id\":\"https:\/\/eigner-betonmanufaktur.com\/it\/#website\",\"url\":\"https:\/\/eigner-betonmanufaktur.com\/it\/\",\"name\":\"Eigner Betonmanufaktur\",\"description\":\"\",\"potentialAction\":[{\"@type\":\"SearchAction\",\"target\":{\"@type\":\"EntryPoint\",\"urlTemplate\":\"https:\/\/eigner-betonmanufaktur.com\/it\/?s={search_term_string}\"},\"query-input\":{\"@type\":\"PropertyValueSpecification\",\"valueRequired\":true,\"valueName\":\"search_term_string\"}}],\"inLanguage\":\"it-IT\"}]}<\/script>\n<!-- \/ Yoast SEO plugin. -->","yoast_head_json":{"title":"La fioriera \"Wolfram\" \u00e8 una fioriera bella e sottile.","description":"Fioriera quadrata ritorta \"Wolfram\" con una superficie di base di 37 x 37 cm e cinque sporgenze per piantare o illuminare.","robots":{"index":"index","follow":"follow","max-snippet":"max-snippet:-1","max-image-preview":"max-image-preview:large","max-video-preview":"max-video-preview:-1"},"canonical":"https:\/\/eigner-betonmanufaktur.com\/it\/produkt\/colonna-di-fioriera-wolfram\/","og_locale":"it_IT","og_type":"article","og_title":"La fioriera \"Wolfram\" \u00e8 una fioriera bella e sottile.","og_description":"Fioriera quadrata ritorta \"Wolfram\" con una superficie di base di 37 x 37 cm e cinque sporgenze per piantare o illuminare.","og_url":"https:\/\/eigner-betonmanufaktur.com\/it\/produkt\/colonna-di-fioriera-wolfram\/","og_site_name":"Eigner Betonmanufaktur","og_image":[{"width":1200,"height":1200,"url":"https:\/\/eigner-betonmanufaktur.com\/wp-content\/uploads\/2022\/02\/eigner-betonmanufaktur_pflanzsaeule.jpg","type":"image\/jpeg"}],"twitter_card":"summary_large_image","schema":{"@context":"https:\/\/schema.org","@graph":[{"@type":"WebPage","@id":"https:\/\/eigner-betonmanufaktur.com\/it\/produkt\/colonna-di-fioriera-wolfram\/","url":"https:\/\/eigner-betonmanufaktur.com\/it\/produkt\/colonna-di-fioriera-wolfram\/","name":"La fioriera \"Wolfram\" \u00e8 una fioriera bella e sottile.","isPartOf":{"@id":"https:\/\/eigner-betonmanufaktur.com\/it\/#website"},"primaryImageOfPage":{"@id":"https:\/\/eigner-betonmanufaktur.com\/it\/produkt\/colonna-di-fioriera-wolfram\/#primaryimage"},"image":{"@id":"https:\/\/eigner-betonmanufaktur.com\/it\/produkt\/colonna-di-fioriera-wolfram\/#primaryimage"},"thumbnailUrl":"https:\/\/eigner-betonmanufaktur.com\/wp-content\/uploads\/2022\/02\/eigner-betonmanufaktur_pflanzsaeule.jpg","datePublished":"2022-02-24T12:04:49+00:00","description":"Fioriera quadrata ritorta \"Wolfram\" con una superficie di base di 37 x 37 cm e cinque sporgenze per piantare o illuminare.","breadcrumb":{"@id":"https:\/\/eigner-betonmanufaktur.com\/it\/produkt\/colonna-di-fioriera-wolfram\/#breadcrumb"},"inLanguage":"it-IT","potentialAction":[{"@type":"ReadAction","target":["https:\/\/eigner-betonmanufaktur.com\/it\/produkt\/colonna-di-fioriera-wolfram\/"]}]},{"@type":"ImageObject","inLanguage":"it-IT","@id":"https:\/\/eigner-betonmanufaktur.com\/it\/produkt\/colonna-di-fioriera-wolfram\/#primaryimage","url":"https:\/\/eigner-betonmanufaktur.com\/wp-content\/uploads\/2022\/02\/eigner-betonmanufaktur_pflanzsaeule.jpg","contentUrl":"https:\/\/eigner-betonmanufaktur.com\/wp-content\/uploads\/2022\/02\/eigner-betonmanufaktur_pflanzsaeule.jpg","width":1200,"height":1200},{"@type":"BreadcrumbList","@id":"https:\/\/eigner-betonmanufaktur.com\/it\/produkt\/colonna-di-fioriera-wolfram\/#breadcrumb","itemListElement":[{"@type":"ListItem","position":1,"name":"Startseite","item":"https:\/\/eigner-betonmanufaktur.com\/it\/casa\/"},{"@type":"ListItem","position":2,"name":"Negozio","item":"https:\/\/eigner-betonmanufaktur.com\/it\/negozio\/"},{"@type":"ListItem","position":3,"name":"Colonna di fioriera &#8220;Wolfram"}]},{"@type":"WebSite","@id":"https:\/\/eigner-betonmanufaktur.com\/it\/#website","url":"https:\/\/eigner-betonmanufaktur.com\/it\/","name":"Eigner Betonmanufaktur","description":"","potentialAction":[{"@type":"SearchAction","target":{"@type":"EntryPoint","urlTemplate":"https:\/\/eigner-betonmanufaktur.com\/it\/?s={search_term_string}"},"query-input":{"@type":"PropertyValueSpecification","valueRequired":true,"valueName":"search_term_string"}}],"inLanguage":"it-IT"}]}},"_links":{"self":[{"href":"https:\/\/eigner-betonmanufaktur.com\/it\/wp-json\/wp\/v2\/product\/2496","targetHints":{"allow":["GET"]}}],"collection":[{"href":"https:\/\/eigner-betonmanufaktur.com\/it\/wp-json\/wp\/v2\/product"}],"about":[{"href":"https:\/\/eigner-betonmanufaktur.com\/it\/wp-json\/wp\/v2\/types\/product"}],"replies":[{"embeddable":true,"href":"https:\/\/eigner-betonmanufaktur.com\/it\/wp-json\/wp\/v2\/comments?post=2496"}],"wp:featuredmedia":[{"embeddable":true,"href":"https:\/\/eigner-betonmanufaktur.com\/it\/wp-json\/wp\/v2\/media\/2503"}],"wp:attachment":[{"href":"https:\/\/eigner-betonmanufaktur.com\/it\/wp-json\/wp\/v2\/media?parent=2496"}],"wp:term":[{"taxonomy":"product_brand","embeddable":true,"href":"https:\/\/eigner-betonmanufaktur.com\/it\/wp-json\/wp\/v2\/product_brand?post=2496"},{"taxonomy":"product_cat","embeddable":true,"href":"https:\/\/eigner-betonmanufaktur.com\/it\/wp-json\/wp\/v2\/product_cat?post=2496"},{"taxonomy":"product_tag","embeddable":true,"href":"https:\/\/eigner-betonmanufaktur.com\/it\/wp-json\/wp\/v2\/product_tag?post=2496"}],"curies":[{"name":"wp","href":"https:\/\/api.w.org\/{rel}","templated":true}]}}