{"id":2514,"date":"2022-02-28T09:38:33","date_gmt":"2022-02-28T08:38:33","guid":{"rendered":"https:\/\/eigner-betonmanufaktur.com\/produkt\/sgabello-regina\/"},"modified":"2024-07-22T09:21:19","modified_gmt":"2024-07-22T07:21:19","slug":"sgabello-regina","status":"publish","type":"product","link":"https:\/\/eigner-betonmanufaktur.com\/it\/produkt\/sgabello-regina\/","title":{"rendered":"Sgabello &#8220;Regina"},"content":{"rendered":"<p>Il nostro sgabello &#8220;Regina&#8221; convince per il suo design speciale. Lo sgabello trae il suo profilo lineare dalla semplice composizione di forme dritte e curve. Pu\u00f2 quindi essere utilizzato molto bene come elemento decorativo, ma \u00e8 anche felice di fungere da ripiano per borse o giacche. Pu\u00f2 essere utilizzato sia nel corridoio o nell&#8217;ingresso che nel soggiorno come spazio per riporre bevande e\/o riviste. Regina&#8221; pu\u00f2 anche dare il benvenuto ai visitatori dell&#8217;ufficio o fungere da seduta a breve termine per gli ospiti.<\/p>\n","protected":false},"excerpt":{"rendered":"<p>Questo sgabello affascina con il suo profilo lineare e assolve cos\u00ec alla sua funzione, caratterizzata dalla <span class=\"fontstyle0\">semplice composizione delle forme diritte e curve<\/span>.<\/p>\n","protected":false},"featured_media":2780,"comment_status":"open","ping_status":"closed","template":"","meta":[],"product_brand":[],"product_cat":[129],"product_tag":[],"class_list":{"0":"post-2514","1":"product","2":"type-product","3":"status-publish","4":"has-post-thumbnail","6":"product_cat-decorazione-dinterni","8":"first","9":"instock","10":"taxable","11":"shipping-taxable","12":"purchasable","13":"product-type-simple"},"yoast_head":"<!-- This site is optimized with the Yoast SEO plugin v24.8.1 - https:\/\/yoast.com\/wordpress\/plugins\/seo\/ -->\n<title>Il nostro sgabello &quot;Regina&quot; convince per il suo design speciale.<\/title>\n<meta name=\"description\" content=\"Lo sgabello Regina colpisce per il suo profilo lineare. Regina \u00e8 caratterizzata dalla semplice composizione di forme rettilinee e curve.\" \/>\n<meta name=\"robots\" content=\"index, follow, max-snippet:-1, max-image-preview:large, max-video-preview:-1\" \/>\n<link rel=\"canonical\" href=\"https:\/\/eigner-betonmanufaktur.com\/it\/produkt\/sgabello-regina\/\" \/>\n<meta property=\"og:locale\" content=\"it_IT\" \/>\n<meta property=\"og:type\" content=\"article\" \/>\n<meta property=\"og:title\" content=\"Il nostro sgabello &quot;Regina&quot; convince per il suo design speciale.\" \/>\n<meta property=\"og:description\" content=\"Lo sgabello Regina colpisce per il suo profilo lineare. Regina \u00e8 caratterizzata dalla semplice composizione di forme rettilinee e curve.\" \/>\n<meta property=\"og:url\" content=\"https:\/\/eigner-betonmanufaktur.com\/it\/produkt\/sgabello-regina\/\" \/>\n<meta property=\"og:site_name\" content=\"Eigner Betonmanufaktur\" \/>\n<meta property=\"article:modified_time\" content=\"2024-07-22T07:21:19+00:00\" \/>\n<meta property=\"og:image\" content=\"https:\/\/eigner-betonmanufaktur.com\/wp-content\/uploads\/2022\/02\/eigner-betonmanufaktur_mood_ambiente_hocker.jpg\" \/>\n\t<meta property=\"og:image:width\" content=\"800\" \/>\n\t<meta property=\"og:image:height\" content=\"533\" \/>\n\t<meta property=\"og:image:type\" content=\"image\/jpeg\" \/>\n<meta name=\"twitter:card\" content=\"summary_large_image\" \/>\n<script type=\"application\/ld+json\" class=\"yoast-schema-graph\">{\"@context\":\"https:\/\/schema.org\",\"@graph\":[{\"@type\":\"WebPage\",\"@id\":\"https:\/\/eigner-betonmanufaktur.com\/it\/produkt\/sgabello-regina\/\",\"url\":\"https:\/\/eigner-betonmanufaktur.com\/it\/produkt\/sgabello-regina\/\",\"name\":\"Il nostro sgabello \\\"Regina\\\" convince per il suo design speciale.\",\"isPartOf\":{\"@id\":\"https:\/\/eigner-betonmanufaktur.com\/it\/#website\"},\"primaryImageOfPage\":{\"@id\":\"https:\/\/eigner-betonmanufaktur.com\/it\/produkt\/sgabello-regina\/#primaryimage\"},\"image\":{\"@id\":\"https:\/\/eigner-betonmanufaktur.com\/it\/produkt\/sgabello-regina\/#primaryimage\"},\"thumbnailUrl\":\"https:\/\/eigner-betonmanufaktur.com\/wp-content\/uploads\/2022\/02\/eigner-betonmanufaktur_mood_ambiente_hocker.jpg\",\"datePublished\":\"2022-02-28T08:38:33+00:00\",\"dateModified\":\"2024-07-22T07:21:19+00:00\",\"description\":\"Lo sgabello Regina colpisce per il suo profilo lineare. Regina \u00e8 caratterizzata dalla semplice composizione di forme rettilinee e curve.\",\"breadcrumb\":{\"@id\":\"https:\/\/eigner-betonmanufaktur.com\/it\/produkt\/sgabello-regina\/#breadcrumb\"},\"inLanguage\":\"it-IT\",\"potentialAction\":[{\"@type\":\"ReadAction\",\"target\":[\"https:\/\/eigner-betonmanufaktur.com\/it\/produkt\/sgabello-regina\/\"]}]},{\"@type\":\"ImageObject\",\"inLanguage\":\"it-IT\",\"@id\":\"https:\/\/eigner-betonmanufaktur.com\/it\/produkt\/sgabello-regina\/#primaryimage\",\"url\":\"https:\/\/eigner-betonmanufaktur.com\/wp-content\/uploads\/2022\/02\/eigner-betonmanufaktur_mood_ambiente_hocker.jpg\",\"contentUrl\":\"https:\/\/eigner-betonmanufaktur.com\/wp-content\/uploads\/2022\/02\/eigner-betonmanufaktur_mood_ambiente_hocker.jpg\",\"width\":800,\"height\":533},{\"@type\":\"BreadcrumbList\",\"@id\":\"https:\/\/eigner-betonmanufaktur.com\/it\/produkt\/sgabello-regina\/#breadcrumb\",\"itemListElement\":[{\"@type\":\"ListItem\",\"position\":1,\"name\":\"Startseite\",\"item\":\"https:\/\/eigner-betonmanufaktur.com\/it\/casa\/\"},{\"@type\":\"ListItem\",\"position\":2,\"name\":\"Negozio\",\"item\":\"https:\/\/eigner-betonmanufaktur.com\/it\/negozio\/\"},{\"@type\":\"ListItem\",\"position\":3,\"name\":\"Sgabello &#8220;Regina\"}]},{\"@type\":\"WebSite\",\"@id\":\"https:\/\/eigner-betonmanufaktur.com\/it\/#website\",\"url\":\"https:\/\/eigner-betonmanufaktur.com\/it\/\",\"name\":\"Eigner Betonmanufaktur\",\"description\":\"\",\"potentialAction\":[{\"@type\":\"SearchAction\",\"target\":{\"@type\":\"EntryPoint\",\"urlTemplate\":\"https:\/\/eigner-betonmanufaktur.com\/it\/?s={search_term_string}\"},\"query-input\":{\"@type\":\"PropertyValueSpecification\",\"valueRequired\":true,\"valueName\":\"search_term_string\"}}],\"inLanguage\":\"it-IT\"}]}<\/script>\n<!-- \/ Yoast SEO plugin. -->","yoast_head_json":{"title":"Il nostro sgabello \"Regina\" convince per il suo design speciale.","description":"Lo sgabello Regina colpisce per il suo profilo lineare. Regina \u00e8 caratterizzata dalla semplice composizione di forme rettilinee e curve.","robots":{"index":"index","follow":"follow","max-snippet":"max-snippet:-1","max-image-preview":"max-image-preview:large","max-video-preview":"max-video-preview:-1"},"canonical":"https:\/\/eigner-betonmanufaktur.com\/it\/produkt\/sgabello-regina\/","og_locale":"it_IT","og_type":"article","og_title":"Il nostro sgabello \"Regina\" convince per il suo design speciale.","og_description":"Lo sgabello Regina colpisce per il suo profilo lineare. Regina \u00e8 caratterizzata dalla semplice composizione di forme rettilinee e curve.","og_url":"https:\/\/eigner-betonmanufaktur.com\/it\/produkt\/sgabello-regina\/","og_site_name":"Eigner Betonmanufaktur","article_modified_time":"2024-07-22T07:21:19+00:00","og_image":[{"width":800,"height":533,"url":"https:\/\/eigner-betonmanufaktur.com\/wp-content\/uploads\/2022\/02\/eigner-betonmanufaktur_mood_ambiente_hocker.jpg","type":"image\/jpeg"}],"twitter_card":"summary_large_image","schema":{"@context":"https:\/\/schema.org","@graph":[{"@type":"WebPage","@id":"https:\/\/eigner-betonmanufaktur.com\/it\/produkt\/sgabello-regina\/","url":"https:\/\/eigner-betonmanufaktur.com\/it\/produkt\/sgabello-regina\/","name":"Il nostro sgabello \"Regina\" convince per il suo design speciale.","isPartOf":{"@id":"https:\/\/eigner-betonmanufaktur.com\/it\/#website"},"primaryImageOfPage":{"@id":"https:\/\/eigner-betonmanufaktur.com\/it\/produkt\/sgabello-regina\/#primaryimage"},"image":{"@id":"https:\/\/eigner-betonmanufaktur.com\/it\/produkt\/sgabello-regina\/#primaryimage"},"thumbnailUrl":"https:\/\/eigner-betonmanufaktur.com\/wp-content\/uploads\/2022\/02\/eigner-betonmanufaktur_mood_ambiente_hocker.jpg","datePublished":"2022-02-28T08:38:33+00:00","dateModified":"2024-07-22T07:21:19+00:00","description":"Lo sgabello Regina colpisce per il suo profilo lineare. Regina \u00e8 caratterizzata dalla semplice composizione di forme rettilinee e curve.","breadcrumb":{"@id":"https:\/\/eigner-betonmanufaktur.com\/it\/produkt\/sgabello-regina\/#breadcrumb"},"inLanguage":"it-IT","potentialAction":[{"@type":"ReadAction","target":["https:\/\/eigner-betonmanufaktur.com\/it\/produkt\/sgabello-regina\/"]}]},{"@type":"ImageObject","inLanguage":"it-IT","@id":"https:\/\/eigner-betonmanufaktur.com\/it\/produkt\/sgabello-regina\/#primaryimage","url":"https:\/\/eigner-betonmanufaktur.com\/wp-content\/uploads\/2022\/02\/eigner-betonmanufaktur_mood_ambiente_hocker.jpg","contentUrl":"https:\/\/eigner-betonmanufaktur.com\/wp-content\/uploads\/2022\/02\/eigner-betonmanufaktur_mood_ambiente_hocker.jpg","width":800,"height":533},{"@type":"BreadcrumbList","@id":"https:\/\/eigner-betonmanufaktur.com\/it\/produkt\/sgabello-regina\/#breadcrumb","itemListElement":[{"@type":"ListItem","position":1,"name":"Startseite","item":"https:\/\/eigner-betonmanufaktur.com\/it\/casa\/"},{"@type":"ListItem","position":2,"name":"Negozio","item":"https:\/\/eigner-betonmanufaktur.com\/it\/negozio\/"},{"@type":"ListItem","position":3,"name":"Sgabello &#8220;Regina"}]},{"@type":"WebSite","@id":"https:\/\/eigner-betonmanufaktur.com\/it\/#website","url":"https:\/\/eigner-betonmanufaktur.com\/it\/","name":"Eigner Betonmanufaktur","description":"","potentialAction":[{"@type":"SearchAction","target":{"@type":"EntryPoint","urlTemplate":"https:\/\/eigner-betonmanufaktur.com\/it\/?s={search_term_string}"},"query-input":{"@type":"PropertyValueSpecification","valueRequired":true,"valueName":"search_term_string"}}],"inLanguage":"it-IT"}]}},"_links":{"self":[{"href":"https:\/\/eigner-betonmanufaktur.com\/it\/wp-json\/wp\/v2\/product\/2514","targetHints":{"allow":["GET"]}}],"collection":[{"href":"https:\/\/eigner-betonmanufaktur.com\/it\/wp-json\/wp\/v2\/product"}],"about":[{"href":"https:\/\/eigner-betonmanufaktur.com\/it\/wp-json\/wp\/v2\/types\/product"}],"replies":[{"embeddable":true,"href":"https:\/\/eigner-betonmanufaktur.com\/it\/wp-json\/wp\/v2\/comments?post=2514"}],"wp:featuredmedia":[{"embeddable":true,"href":"https:\/\/eigner-betonmanufaktur.com\/it\/wp-json\/wp\/v2\/media\/2780"}],"wp:attachment":[{"href":"https:\/\/eigner-betonmanufaktur.com\/it\/wp-json\/wp\/v2\/media?parent=2514"}],"wp:term":[{"taxonomy":"product_brand","embeddable":true,"href":"https:\/\/eigner-betonmanufaktur.com\/it\/wp-json\/wp\/v2\/product_brand?post=2514"},{"taxonomy":"product_cat","embeddable":true,"href":"https:\/\/eigner-betonmanufaktur.com\/it\/wp-json\/wp\/v2\/product_cat?post=2514"},{"taxonomy":"product_tag","embeddable":true,"href":"https:\/\/eigner-betonmanufaktur.com\/it\/wp-json\/wp\/v2\/product_tag?post=2514"}],"curies":[{"name":"wp","href":"https:\/\/api.w.org\/{rel}","templated":true}]}}