{"id":2515,"date":"2022-03-01T10:31:41","date_gmt":"2022-03-01T09:31:41","guid":{"rendered":"https:\/\/eigner-betonmanufaktur.com\/produkt\/vaso-di-fiori-karl\/"},"modified":"2024-07-22T09:21:22","modified_gmt":"2024-07-22T07:21:22","slug":"vaso-di-fiori-karl","status":"publish","type":"product","link":"https:\/\/eigner-betonmanufaktur.com\/it\/produkt\/vaso-di-fiori-karl\/","title":{"rendered":"Vaso di fiori &#8220;Karl"},"content":{"rendered":"<p>Il nostro vaso da fiori angolare &#8220;Karl&#8221; \u00e8 disponibile in due diverse dimensioni. Il vaso pu\u00f2 essere utilizzato in particolare come fioriera decorativa ed \u00e8 decorato sulla superficie con il motivo raffigurato. Se si desidera utilizzare il vaso come fioriera, si consiglia di utilizzare un rivestimento impermeabile all&#8217;interno per evitare crepe e scolorimenti. &#8220;Karl&#8221; \u00e8 adatto sia per l&#8217;interno che per l&#8217;esterno e ha una base in calcestruzzo fibrorinforzato gettato in opera senza drenaggio.<\/p>\n<p>Per tutti i vasi da fiori, le dimensioni indicate sono quelle esterne. Se desiderate inserire un vaso per piante adatto, tenete conto dello spessore dello strato di circa 20 mm.<\/p>\n","protected":false},"excerpt":{"rendered":"<p>Fioriera quadrata con struttura superficiale generata parametricamente. Gettato in posizione<br \/>\npavimento in calcestruzzo fibrorinforzato senza drenaggio. Rivestimento impermeabile necessario all&#8217;interno<br \/>\nper evitare crepe e scolorimenti.<\/p>\n","protected":false},"featured_media":2788,"comment_status":"open","ping_status":"closed","template":"","meta":[],"product_brand":[],"product_cat":[128],"product_tag":[],"class_list":{"0":"post-2515","1":"product","2":"type-product","3":"status-publish","4":"has-post-thumbnail","6":"product_cat-decorazione-per-esterni","8":"first","9":"instock","10":"taxable","11":"shipping-taxable","12":"purchasable","13":"product-type-variable"},"yoast_head":"<!-- This site is optimized with the Yoast SEO plugin v24.8.1 - https:\/\/yoast.com\/wordpress\/plugins\/seo\/ -->\n<title>Vaso da fiori quadrato Karl disponibile in due diverse dimensioni<\/title>\n<meta name=\"description\" content=\"Il nostro vaso da fiori quadrato Karl, disponibile in due diverse dimensioni. Il vaso pu\u00f2 essere utilizzato soprattutto come fioriera decorativa.\" \/>\n<meta name=\"robots\" content=\"index, follow, max-snippet:-1, max-image-preview:large, max-video-preview:-1\" \/>\n<link rel=\"canonical\" href=\"https:\/\/eigner-betonmanufaktur.com\/it\/produkt\/vaso-di-fiori-karl\/\" \/>\n<meta property=\"og:locale\" content=\"it_IT\" \/>\n<meta property=\"og:type\" content=\"article\" \/>\n<meta property=\"og:title\" content=\"Vaso da fiori quadrato Karl disponibile in due diverse dimensioni\" \/>\n<meta property=\"og:description\" content=\"Il nostro vaso da fiori quadrato Karl, disponibile in due diverse dimensioni. Il vaso pu\u00f2 essere utilizzato soprattutto come fioriera decorativa.\" \/>\n<meta property=\"og:url\" content=\"https:\/\/eigner-betonmanufaktur.com\/it\/produkt\/vaso-di-fiori-karl\/\" \/>\n<meta property=\"og:site_name\" content=\"Eigner Betonmanufaktur\" \/>\n<meta property=\"article:modified_time\" content=\"2024-07-22T07:21:22+00:00\" \/>\n<meta property=\"og:image\" content=\"https:\/\/eigner-betonmanufaktur.com\/wp-content\/uploads\/2022\/02\/eigner-betonmanufaktur_mood_ambiente_blumentopf-eckig.jpg\" \/>\n\t<meta property=\"og:image:width\" content=\"800\" \/>\n\t<meta property=\"og:image:height\" content=\"1200\" \/>\n\t<meta property=\"og:image:type\" content=\"image\/jpeg\" \/>\n<meta name=\"twitter:card\" content=\"summary_large_image\" \/>\n<meta name=\"twitter:label1\" content=\"Tempo di lettura stimato\" \/>\n\t<meta name=\"twitter:data1\" content=\"1 minuto\" \/>\n<script type=\"application\/ld+json\" class=\"yoast-schema-graph\">{\"@context\":\"https:\/\/schema.org\",\"@graph\":[{\"@type\":\"WebPage\",\"@id\":\"https:\/\/eigner-betonmanufaktur.com\/it\/produkt\/vaso-di-fiori-karl\/\",\"url\":\"https:\/\/eigner-betonmanufaktur.com\/it\/produkt\/vaso-di-fiori-karl\/\",\"name\":\"Vaso da fiori quadrato Karl disponibile in due diverse dimensioni\",\"isPartOf\":{\"@id\":\"https:\/\/eigner-betonmanufaktur.com\/it\/#website\"},\"primaryImageOfPage\":{\"@id\":\"https:\/\/eigner-betonmanufaktur.com\/it\/produkt\/vaso-di-fiori-karl\/#primaryimage\"},\"image\":{\"@id\":\"https:\/\/eigner-betonmanufaktur.com\/it\/produkt\/vaso-di-fiori-karl\/#primaryimage\"},\"thumbnailUrl\":\"https:\/\/eigner-betonmanufaktur.com\/wp-content\/uploads\/2022\/02\/eigner-betonmanufaktur_mood_ambiente_blumentopf-eckig.jpg\",\"datePublished\":\"2022-03-01T09:31:41+00:00\",\"dateModified\":\"2024-07-22T07:21:22+00:00\",\"description\":\"Il nostro vaso da fiori quadrato Karl, disponibile in due diverse dimensioni. Il vaso pu\u00f2 essere utilizzato soprattutto come fioriera decorativa.\",\"breadcrumb\":{\"@id\":\"https:\/\/eigner-betonmanufaktur.com\/it\/produkt\/vaso-di-fiori-karl\/#breadcrumb\"},\"inLanguage\":\"it-IT\",\"potentialAction\":[{\"@type\":\"ReadAction\",\"target\":[\"https:\/\/eigner-betonmanufaktur.com\/it\/produkt\/vaso-di-fiori-karl\/\"]}]},{\"@type\":\"ImageObject\",\"inLanguage\":\"it-IT\",\"@id\":\"https:\/\/eigner-betonmanufaktur.com\/it\/produkt\/vaso-di-fiori-karl\/#primaryimage\",\"url\":\"https:\/\/eigner-betonmanufaktur.com\/wp-content\/uploads\/2022\/02\/eigner-betonmanufaktur_mood_ambiente_blumentopf-eckig.jpg\",\"contentUrl\":\"https:\/\/eigner-betonmanufaktur.com\/wp-content\/uploads\/2022\/02\/eigner-betonmanufaktur_mood_ambiente_blumentopf-eckig.jpg\",\"width\":800,\"height\":1200},{\"@type\":\"BreadcrumbList\",\"@id\":\"https:\/\/eigner-betonmanufaktur.com\/it\/produkt\/vaso-di-fiori-karl\/#breadcrumb\",\"itemListElement\":[{\"@type\":\"ListItem\",\"position\":1,\"name\":\"Startseite\",\"item\":\"https:\/\/eigner-betonmanufaktur.com\/it\/casa\/\"},{\"@type\":\"ListItem\",\"position\":2,\"name\":\"Negozio\",\"item\":\"https:\/\/eigner-betonmanufaktur.com\/it\/negozio\/\"},{\"@type\":\"ListItem\",\"position\":3,\"name\":\"Vaso di fiori &#8220;Karl\"}]},{\"@type\":\"WebSite\",\"@id\":\"https:\/\/eigner-betonmanufaktur.com\/it\/#website\",\"url\":\"https:\/\/eigner-betonmanufaktur.com\/it\/\",\"name\":\"Eigner Betonmanufaktur\",\"description\":\"\",\"potentialAction\":[{\"@type\":\"SearchAction\",\"target\":{\"@type\":\"EntryPoint\",\"urlTemplate\":\"https:\/\/eigner-betonmanufaktur.com\/it\/?s={search_term_string}\"},\"query-input\":{\"@type\":\"PropertyValueSpecification\",\"valueRequired\":true,\"valueName\":\"search_term_string\"}}],\"inLanguage\":\"it-IT\"}]}<\/script>\n<!-- \/ Yoast SEO plugin. -->","yoast_head_json":{"title":"Vaso da fiori quadrato Karl disponibile in due diverse dimensioni","description":"Il nostro vaso da fiori quadrato Karl, disponibile in due diverse dimensioni. Il vaso pu\u00f2 essere utilizzato soprattutto come fioriera decorativa.","robots":{"index":"index","follow":"follow","max-snippet":"max-snippet:-1","max-image-preview":"max-image-preview:large","max-video-preview":"max-video-preview:-1"},"canonical":"https:\/\/eigner-betonmanufaktur.com\/it\/produkt\/vaso-di-fiori-karl\/","og_locale":"it_IT","og_type":"article","og_title":"Vaso da fiori quadrato Karl disponibile in due diverse dimensioni","og_description":"Il nostro vaso da fiori quadrato Karl, disponibile in due diverse dimensioni. Il vaso pu\u00f2 essere utilizzato soprattutto come fioriera decorativa.","og_url":"https:\/\/eigner-betonmanufaktur.com\/it\/produkt\/vaso-di-fiori-karl\/","og_site_name":"Eigner Betonmanufaktur","article_modified_time":"2024-07-22T07:21:22+00:00","og_image":[{"width":800,"height":1200,"url":"https:\/\/eigner-betonmanufaktur.com\/wp-content\/uploads\/2022\/02\/eigner-betonmanufaktur_mood_ambiente_blumentopf-eckig.jpg","type":"image\/jpeg"}],"twitter_card":"summary_large_image","twitter_misc":{"Tempo di lettura stimato":"1 minuto"},"schema":{"@context":"https:\/\/schema.org","@graph":[{"@type":"WebPage","@id":"https:\/\/eigner-betonmanufaktur.com\/it\/produkt\/vaso-di-fiori-karl\/","url":"https:\/\/eigner-betonmanufaktur.com\/it\/produkt\/vaso-di-fiori-karl\/","name":"Vaso da fiori quadrato Karl disponibile in due diverse dimensioni","isPartOf":{"@id":"https:\/\/eigner-betonmanufaktur.com\/it\/#website"},"primaryImageOfPage":{"@id":"https:\/\/eigner-betonmanufaktur.com\/it\/produkt\/vaso-di-fiori-karl\/#primaryimage"},"image":{"@id":"https:\/\/eigner-betonmanufaktur.com\/it\/produkt\/vaso-di-fiori-karl\/#primaryimage"},"thumbnailUrl":"https:\/\/eigner-betonmanufaktur.com\/wp-content\/uploads\/2022\/02\/eigner-betonmanufaktur_mood_ambiente_blumentopf-eckig.jpg","datePublished":"2022-03-01T09:31:41+00:00","dateModified":"2024-07-22T07:21:22+00:00","description":"Il nostro vaso da fiori quadrato Karl, disponibile in due diverse dimensioni. Il vaso pu\u00f2 essere utilizzato soprattutto come fioriera decorativa.","breadcrumb":{"@id":"https:\/\/eigner-betonmanufaktur.com\/it\/produkt\/vaso-di-fiori-karl\/#breadcrumb"},"inLanguage":"it-IT","potentialAction":[{"@type":"ReadAction","target":["https:\/\/eigner-betonmanufaktur.com\/it\/produkt\/vaso-di-fiori-karl\/"]}]},{"@type":"ImageObject","inLanguage":"it-IT","@id":"https:\/\/eigner-betonmanufaktur.com\/it\/produkt\/vaso-di-fiori-karl\/#primaryimage","url":"https:\/\/eigner-betonmanufaktur.com\/wp-content\/uploads\/2022\/02\/eigner-betonmanufaktur_mood_ambiente_blumentopf-eckig.jpg","contentUrl":"https:\/\/eigner-betonmanufaktur.com\/wp-content\/uploads\/2022\/02\/eigner-betonmanufaktur_mood_ambiente_blumentopf-eckig.jpg","width":800,"height":1200},{"@type":"BreadcrumbList","@id":"https:\/\/eigner-betonmanufaktur.com\/it\/produkt\/vaso-di-fiori-karl\/#breadcrumb","itemListElement":[{"@type":"ListItem","position":1,"name":"Startseite","item":"https:\/\/eigner-betonmanufaktur.com\/it\/casa\/"},{"@type":"ListItem","position":2,"name":"Negozio","item":"https:\/\/eigner-betonmanufaktur.com\/it\/negozio\/"},{"@type":"ListItem","position":3,"name":"Vaso di fiori &#8220;Karl"}]},{"@type":"WebSite","@id":"https:\/\/eigner-betonmanufaktur.com\/it\/#website","url":"https:\/\/eigner-betonmanufaktur.com\/it\/","name":"Eigner Betonmanufaktur","description":"","potentialAction":[{"@type":"SearchAction","target":{"@type":"EntryPoint","urlTemplate":"https:\/\/eigner-betonmanufaktur.com\/it\/?s={search_term_string}"},"query-input":{"@type":"PropertyValueSpecification","valueRequired":true,"valueName":"search_term_string"}}],"inLanguage":"it-IT"}]}},"_links":{"self":[{"href":"https:\/\/eigner-betonmanufaktur.com\/it\/wp-json\/wp\/v2\/product\/2515","targetHints":{"allow":["GET"]}}],"collection":[{"href":"https:\/\/eigner-betonmanufaktur.com\/it\/wp-json\/wp\/v2\/product"}],"about":[{"href":"https:\/\/eigner-betonmanufaktur.com\/it\/wp-json\/wp\/v2\/types\/product"}],"replies":[{"embeddable":true,"href":"https:\/\/eigner-betonmanufaktur.com\/it\/wp-json\/wp\/v2\/comments?post=2515"}],"wp:featuredmedia":[{"embeddable":true,"href":"https:\/\/eigner-betonmanufaktur.com\/it\/wp-json\/wp\/v2\/media\/2788"}],"wp:attachment":[{"href":"https:\/\/eigner-betonmanufaktur.com\/it\/wp-json\/wp\/v2\/media?parent=2515"}],"wp:term":[{"taxonomy":"product_brand","embeddable":true,"href":"https:\/\/eigner-betonmanufaktur.com\/it\/wp-json\/wp\/v2\/product_brand?post=2515"},{"taxonomy":"product_cat","embeddable":true,"href":"https:\/\/eigner-betonmanufaktur.com\/it\/wp-json\/wp\/v2\/product_cat?post=2515"},{"taxonomy":"product_tag","embeddable":true,"href":"https:\/\/eigner-betonmanufaktur.com\/it\/wp-json\/wp\/v2\/product_tag?post=2515"}],"curies":[{"name":"wp","href":"https:\/\/api.w.org\/{rel}","templated":true}]}}