{"id":2535,"date":"2022-02-25T13:04:02","date_gmt":"2022-02-25T12:04:02","guid":{"rendered":"https:\/\/eigner-betonmanufaktur.com\/produkt\/sistema-di-scaffalatura-universale-bernd\/"},"modified":"2022-02-25T13:04:02","modified_gmt":"2022-02-25T12:04:02","slug":"sistema-di-scaffalatura-universale-bernd","status":"publish","type":"product","link":"https:\/\/eigner-betonmanufaktur.com\/it\/produkt\/sistema-di-scaffalatura-universale-bernd\/","title":{"rendered":"Sistema di scaffalatura universale &#8220;Bernd"},"content":{"rendered":"<p>Pi\u00f9 flessibile di cos\u00ec non si pu\u00f2: con il nostro sistema di scaffalatura universale &#8220;Bernd&#8221; \u00e8 possibile realizzare un&#8217;ampia variet\u00e0 di scaffali. \u00c8 possibile scegliere tra blocchi di 2 o 3 o anche blocchi diagonali di 2. Create il vostro scaffale dei sogni: qui sono possibili innumerevoli varianti di disposizione. A seconda delle dimensioni e dell&#8217;altezza della stanza, \u00e8 possibile personalizzare le dimensioni dello scaffale. Bernd&#8221; \u00e8 un vero e proprio pezzo forte in un ufficio e custodisce con stile cartelle, libri o documenti di vendita. Attenzione: tutte le scaffalature devono essere fissate a una parete stabile. L&#8217;arrampicata da parte dei bambini deve essere evitata. Il carico massimo \u00e8 di 15 kg per singolo ripiano. L&#8217;altezza massima di impilamento \u00e8 di 185 cm. &#8220;Bernd&#8221; \u00e8 adatto solo per uso interno.<\/p>\n","protected":false},"excerpt":{"rendered":"<p>Pi\u00f9 flessibile di cos\u00ec non si pu\u00f2: con il nostro sistema di scaffalatura universale &#8220;Bernd&#8221; \u00e8 possibile realizzare un&#8217;ampia variet\u00e0 di scaffali. \u00c8 possibile scegliere tra blocchi di 2 o 3 o anche blocchi diagonali di 2. Il carico massimo \u00e8 di 15 kg per singolo ripiano. L&#8217;altezza massima di impilamento \u00e8 di 185 cm. &#8220;Bernd&#8221; \u00e8 adatto solo per uso interno.<\/p>\n<p>&nbsp;<\/p>\n","protected":false},"featured_media":2783,"comment_status":"open","ping_status":"closed","template":"","meta":[],"product_brand":[],"product_cat":[129],"product_tag":[],"class_list":{"0":"post-2535","1":"product","2":"type-product","3":"status-publish","4":"has-post-thumbnail","6":"product_cat-decorazione-dinterni","8":"first","9":"instock","10":"taxable","11":"shipping-taxable","12":"purchasable","13":"product-type-variable"},"yoast_head":"<!-- This site is optimized with the Yoast SEO plugin v24.8.1 - https:\/\/yoast.com\/wordpress\/plugins\/seo\/ -->\n<title>Sistema di scaffalatura universale &quot;Bernd - Eigner Betonmanufaktur<\/title>\n<meta name=\"description\" content=\"Con il sistema di scaffalatura universale &quot;Bernd&quot; \u00e8 possibile realizzare un&#039;ampia variet\u00e0 di scaffali. 2 blocchi o 3 blocchi o 2 blocchi diagonali.\" \/>\n<meta name=\"robots\" content=\"index, follow, max-snippet:-1, max-image-preview:large, max-video-preview:-1\" \/>\n<link rel=\"canonical\" href=\"https:\/\/eigner-betonmanufaktur.com\/it\/produkt\/sistema-di-scaffalatura-universale-bernd\/\" \/>\n<meta property=\"og:locale\" content=\"it_IT\" \/>\n<meta property=\"og:type\" content=\"article\" \/>\n<meta property=\"og:title\" content=\"Sistema di scaffalatura universale &quot;Bernd - Eigner Betonmanufaktur\" \/>\n<meta property=\"og:description\" content=\"Con il sistema di scaffalatura universale &quot;Bernd&quot; \u00e8 possibile realizzare un&#039;ampia variet\u00e0 di scaffali. 2 blocchi o 3 blocchi o 2 blocchi diagonali.\" \/>\n<meta property=\"og:url\" content=\"https:\/\/eigner-betonmanufaktur.com\/it\/produkt\/sistema-di-scaffalatura-universale-bernd\/\" \/>\n<meta property=\"og:site_name\" content=\"Eigner Betonmanufaktur\" \/>\n<meta property=\"og:image\" content=\"https:\/\/eigner-betonmanufaktur.com\/wp-content\/uploads\/2022\/02\/eigner-betonmanufaktur_mood_ambiente_regal.jpg\" \/>\n\t<meta property=\"og:image:width\" content=\"800\" \/>\n\t<meta property=\"og:image:height\" content=\"533\" \/>\n\t<meta property=\"og:image:type\" content=\"image\/jpeg\" \/>\n<meta name=\"twitter:card\" content=\"summary_large_image\" \/>\n<meta name=\"twitter:label1\" content=\"Tempo di lettura stimato\" \/>\n\t<meta name=\"twitter:data1\" content=\"1 minuto\" \/>\n<script type=\"application\/ld+json\" class=\"yoast-schema-graph\">{\"@context\":\"https:\/\/schema.org\",\"@graph\":[{\"@type\":\"WebPage\",\"@id\":\"https:\/\/eigner-betonmanufaktur.com\/it\/produkt\/sistema-di-scaffalatura-universale-bernd\/\",\"url\":\"https:\/\/eigner-betonmanufaktur.com\/it\/produkt\/sistema-di-scaffalatura-universale-bernd\/\",\"name\":\"Sistema di scaffalatura universale \\\"Bernd - Eigner Betonmanufaktur\",\"isPartOf\":{\"@id\":\"https:\/\/eigner-betonmanufaktur.com\/it\/#website\"},\"primaryImageOfPage\":{\"@id\":\"https:\/\/eigner-betonmanufaktur.com\/it\/produkt\/sistema-di-scaffalatura-universale-bernd\/#primaryimage\"},\"image\":{\"@id\":\"https:\/\/eigner-betonmanufaktur.com\/it\/produkt\/sistema-di-scaffalatura-universale-bernd\/#primaryimage\"},\"thumbnailUrl\":\"https:\/\/eigner-betonmanufaktur.com\/wp-content\/uploads\/2022\/02\/eigner-betonmanufaktur_mood_ambiente_regal.jpg\",\"datePublished\":\"2022-02-25T12:04:02+00:00\",\"description\":\"Con il sistema di scaffalatura universale \\\"Bernd\\\" \u00e8 possibile realizzare un'ampia variet\u00e0 di scaffali. 2 blocchi o 3 blocchi o 2 blocchi diagonali.\",\"breadcrumb\":{\"@id\":\"https:\/\/eigner-betonmanufaktur.com\/it\/produkt\/sistema-di-scaffalatura-universale-bernd\/#breadcrumb\"},\"inLanguage\":\"it-IT\",\"potentialAction\":[{\"@type\":\"ReadAction\",\"target\":[\"https:\/\/eigner-betonmanufaktur.com\/it\/produkt\/sistema-di-scaffalatura-universale-bernd\/\"]}]},{\"@type\":\"ImageObject\",\"inLanguage\":\"it-IT\",\"@id\":\"https:\/\/eigner-betonmanufaktur.com\/it\/produkt\/sistema-di-scaffalatura-universale-bernd\/#primaryimage\",\"url\":\"https:\/\/eigner-betonmanufaktur.com\/wp-content\/uploads\/2022\/02\/eigner-betonmanufaktur_mood_ambiente_regal.jpg\",\"contentUrl\":\"https:\/\/eigner-betonmanufaktur.com\/wp-content\/uploads\/2022\/02\/eigner-betonmanufaktur_mood_ambiente_regal.jpg\",\"width\":800,\"height\":533},{\"@type\":\"BreadcrumbList\",\"@id\":\"https:\/\/eigner-betonmanufaktur.com\/it\/produkt\/sistema-di-scaffalatura-universale-bernd\/#breadcrumb\",\"itemListElement\":[{\"@type\":\"ListItem\",\"position\":1,\"name\":\"Startseite\",\"item\":\"https:\/\/eigner-betonmanufaktur.com\/it\/casa\/\"},{\"@type\":\"ListItem\",\"position\":2,\"name\":\"Negozio\",\"item\":\"https:\/\/eigner-betonmanufaktur.com\/it\/negozio\/\"},{\"@type\":\"ListItem\",\"position\":3,\"name\":\"Sistema di scaffalatura universale &#8222;Bernd\"}]},{\"@type\":\"WebSite\",\"@id\":\"https:\/\/eigner-betonmanufaktur.com\/it\/#website\",\"url\":\"https:\/\/eigner-betonmanufaktur.com\/it\/\",\"name\":\"Eigner Betonmanufaktur\",\"description\":\"\",\"potentialAction\":[{\"@type\":\"SearchAction\",\"target\":{\"@type\":\"EntryPoint\",\"urlTemplate\":\"https:\/\/eigner-betonmanufaktur.com\/it\/?s={search_term_string}\"},\"query-input\":{\"@type\":\"PropertyValueSpecification\",\"valueRequired\":true,\"valueName\":\"search_term_string\"}}],\"inLanguage\":\"it-IT\"}]}<\/script>\n<!-- \/ Yoast SEO plugin. -->","yoast_head_json":{"title":"Sistema di scaffalatura universale \"Bernd - Eigner Betonmanufaktur","description":"Con il sistema di scaffalatura universale \"Bernd\" \u00e8 possibile realizzare un'ampia variet\u00e0 di scaffali. 2 blocchi o 3 blocchi o 2 blocchi diagonali.","robots":{"index":"index","follow":"follow","max-snippet":"max-snippet:-1","max-image-preview":"max-image-preview:large","max-video-preview":"max-video-preview:-1"},"canonical":"https:\/\/eigner-betonmanufaktur.com\/it\/produkt\/sistema-di-scaffalatura-universale-bernd\/","og_locale":"it_IT","og_type":"article","og_title":"Sistema di scaffalatura universale \"Bernd - Eigner Betonmanufaktur","og_description":"Con il sistema di scaffalatura universale \"Bernd\" \u00e8 possibile realizzare un'ampia variet\u00e0 di scaffali. 2 blocchi o 3 blocchi o 2 blocchi diagonali.","og_url":"https:\/\/eigner-betonmanufaktur.com\/it\/produkt\/sistema-di-scaffalatura-universale-bernd\/","og_site_name":"Eigner Betonmanufaktur","og_image":[{"width":800,"height":533,"url":"https:\/\/eigner-betonmanufaktur.com\/wp-content\/uploads\/2022\/02\/eigner-betonmanufaktur_mood_ambiente_regal.jpg","type":"image\/jpeg"}],"twitter_card":"summary_large_image","twitter_misc":{"Tempo di lettura stimato":"1 minuto"},"schema":{"@context":"https:\/\/schema.org","@graph":[{"@type":"WebPage","@id":"https:\/\/eigner-betonmanufaktur.com\/it\/produkt\/sistema-di-scaffalatura-universale-bernd\/","url":"https:\/\/eigner-betonmanufaktur.com\/it\/produkt\/sistema-di-scaffalatura-universale-bernd\/","name":"Sistema di scaffalatura universale \"Bernd - Eigner Betonmanufaktur","isPartOf":{"@id":"https:\/\/eigner-betonmanufaktur.com\/it\/#website"},"primaryImageOfPage":{"@id":"https:\/\/eigner-betonmanufaktur.com\/it\/produkt\/sistema-di-scaffalatura-universale-bernd\/#primaryimage"},"image":{"@id":"https:\/\/eigner-betonmanufaktur.com\/it\/produkt\/sistema-di-scaffalatura-universale-bernd\/#primaryimage"},"thumbnailUrl":"https:\/\/eigner-betonmanufaktur.com\/wp-content\/uploads\/2022\/02\/eigner-betonmanufaktur_mood_ambiente_regal.jpg","datePublished":"2022-02-25T12:04:02+00:00","description":"Con il sistema di scaffalatura universale \"Bernd\" \u00e8 possibile realizzare un'ampia variet\u00e0 di scaffali. 2 blocchi o 3 blocchi o 2 blocchi diagonali.","breadcrumb":{"@id":"https:\/\/eigner-betonmanufaktur.com\/it\/produkt\/sistema-di-scaffalatura-universale-bernd\/#breadcrumb"},"inLanguage":"it-IT","potentialAction":[{"@type":"ReadAction","target":["https:\/\/eigner-betonmanufaktur.com\/it\/produkt\/sistema-di-scaffalatura-universale-bernd\/"]}]},{"@type":"ImageObject","inLanguage":"it-IT","@id":"https:\/\/eigner-betonmanufaktur.com\/it\/produkt\/sistema-di-scaffalatura-universale-bernd\/#primaryimage","url":"https:\/\/eigner-betonmanufaktur.com\/wp-content\/uploads\/2022\/02\/eigner-betonmanufaktur_mood_ambiente_regal.jpg","contentUrl":"https:\/\/eigner-betonmanufaktur.com\/wp-content\/uploads\/2022\/02\/eigner-betonmanufaktur_mood_ambiente_regal.jpg","width":800,"height":533},{"@type":"BreadcrumbList","@id":"https:\/\/eigner-betonmanufaktur.com\/it\/produkt\/sistema-di-scaffalatura-universale-bernd\/#breadcrumb","itemListElement":[{"@type":"ListItem","position":1,"name":"Startseite","item":"https:\/\/eigner-betonmanufaktur.com\/it\/casa\/"},{"@type":"ListItem","position":2,"name":"Negozio","item":"https:\/\/eigner-betonmanufaktur.com\/it\/negozio\/"},{"@type":"ListItem","position":3,"name":"Sistema di scaffalatura universale &#8222;Bernd"}]},{"@type":"WebSite","@id":"https:\/\/eigner-betonmanufaktur.com\/it\/#website","url":"https:\/\/eigner-betonmanufaktur.com\/it\/","name":"Eigner Betonmanufaktur","description":"","potentialAction":[{"@type":"SearchAction","target":{"@type":"EntryPoint","urlTemplate":"https:\/\/eigner-betonmanufaktur.com\/it\/?s={search_term_string}"},"query-input":{"@type":"PropertyValueSpecification","valueRequired":true,"valueName":"search_term_string"}}],"inLanguage":"it-IT"}]}},"_links":{"self":[{"href":"https:\/\/eigner-betonmanufaktur.com\/it\/wp-json\/wp\/v2\/product\/2535","targetHints":{"allow":["GET"]}}],"collection":[{"href":"https:\/\/eigner-betonmanufaktur.com\/it\/wp-json\/wp\/v2\/product"}],"about":[{"href":"https:\/\/eigner-betonmanufaktur.com\/it\/wp-json\/wp\/v2\/types\/product"}],"replies":[{"embeddable":true,"href":"https:\/\/eigner-betonmanufaktur.com\/it\/wp-json\/wp\/v2\/comments?post=2535"}],"wp:featuredmedia":[{"embeddable":true,"href":"https:\/\/eigner-betonmanufaktur.com\/it\/wp-json\/wp\/v2\/media\/2783"}],"wp:attachment":[{"href":"https:\/\/eigner-betonmanufaktur.com\/it\/wp-json\/wp\/v2\/media?parent=2535"}],"wp:term":[{"taxonomy":"product_brand","embeddable":true,"href":"https:\/\/eigner-betonmanufaktur.com\/it\/wp-json\/wp\/v2\/product_brand?post=2535"},{"taxonomy":"product_cat","embeddable":true,"href":"https:\/\/eigner-betonmanufaktur.com\/it\/wp-json\/wp\/v2\/product_cat?post=2535"},{"taxonomy":"product_tag","embeddable":true,"href":"https:\/\/eigner-betonmanufaktur.com\/it\/wp-json\/wp\/v2\/product_tag?post=2535"}],"curies":[{"name":"wp","href":"https:\/\/api.w.org\/{rel}","templated":true}]}}