{"id":2550,"date":"2022-02-28T15:06:40","date_gmt":"2022-02-28T14:06:40","guid":{"rendered":"https:\/\/eigner-betonmanufaktur.com\/produkt\/vaso-di-fiori-alex\/"},"modified":"2022-02-28T15:06:40","modified_gmt":"2022-02-28T14:06:40","slug":"vaso-di-fiori-alex","status":"publish","type":"product","link":"https:\/\/eigner-betonmanufaktur.com\/it\/produkt\/vaso-di-fiori-alex\/","title":{"rendered":"Vaso di fiori &#8220;Alex"},"content":{"rendered":"<p>Il nostro vaso da fiori &#8220;Alex&#8221; \u00e8 disponibile in due diverse dimensioni. Il vaso pu\u00f2 essere utilizzato in particolare come fioriera decorativa ed \u00e8 decorato sulla superficie con il motivo raffigurato. Se si desidera utilizzare il vaso come fioriera, si consiglia di utilizzare un rivestimento impermeabile all&#8217;interno per evitare crepe e scolorimenti. &#8220;Alex&#8221; \u00e8 adatto sia per l&#8217;interno che per l&#8217;esterno e ha un pavimento in calcestruzzo fibrorinforzato gettato in opera senza drenaggio.<\/p>\n<p>Per tutti i vasi da fiori, le dimensioni indicate sono quelle esterne. Se desiderate inserire un vaso per piante adatto, tenete conto dello spessore dello strato di circa 20 mm.<\/p>\n","protected":false},"excerpt":{"rendered":"<p><span class=\"fontstyle0\">Fioriera rotonda con struttura superficiale generata parametricamente. Gettato in posizione<br \/>\npavimento in calcestruzzo fibrorinforzato senza drenaggio. Rivestimento impermeabile necessario all&#8217;interno<br \/>\nper evitare crepe e scolorimenti.<\/span><\/p>\n","protected":false},"featured_media":2552,"comment_status":"open","ping_status":"closed","template":"","meta":[],"product_brand":[],"product_cat":[128],"product_tag":[],"class_list":{"0":"post-2550","1":"product","2":"type-product","3":"status-publish","4":"has-post-thumbnail","6":"product_cat-decorazione-per-esterni","8":"first","9":"instock","10":"taxable","11":"shipping-taxable","12":"purchasable","13":"product-type-variable"},"yoast_head":"<!-- This site is optimized with the Yoast SEO plugin v24.8.1 - https:\/\/yoast.com\/wordpress\/plugins\/seo\/ -->\n<title>Il nostro vaso da fiori Alex \u00e8 disponibile in due diverse dimensioni<\/title>\n<meta name=\"description\" content=\"Vaso da fiori Alex - due diverse dimensioni. Particolarmente indicato come fioriera decorativa. Decorato con il motivo raffigurato sulla superficie\" \/>\n<meta name=\"robots\" content=\"index, follow, max-snippet:-1, max-image-preview:large, max-video-preview:-1\" \/>\n<link rel=\"canonical\" href=\"https:\/\/eigner-betonmanufaktur.com\/it\/produkt\/vaso-di-fiori-alex\/\" \/>\n<meta property=\"og:locale\" content=\"it_IT\" \/>\n<meta property=\"og:type\" content=\"article\" \/>\n<meta property=\"og:title\" content=\"Il nostro vaso da fiori Alex \u00e8 disponibile in due diverse dimensioni\" \/>\n<meta property=\"og:description\" content=\"Vaso da fiori Alex - due diverse dimensioni. Particolarmente indicato come fioriera decorativa. Decorato con il motivo raffigurato sulla superficie\" \/>\n<meta property=\"og:url\" content=\"https:\/\/eigner-betonmanufaktur.com\/it\/produkt\/vaso-di-fiori-alex\/\" \/>\n<meta property=\"og:site_name\" content=\"Eigner Betonmanufaktur\" \/>\n<meta property=\"og:image\" content=\"https:\/\/eigner-betonmanufaktur.com\/wp-content\/uploads\/2022\/02\/eigner-betonmanufaktur_FS_Topf_gross_V2_033.jpg\" \/>\n\t<meta property=\"og:image:width\" content=\"800\" \/>\n\t<meta property=\"og:image:height\" content=\"800\" \/>\n\t<meta property=\"og:image:type\" content=\"image\/jpeg\" \/>\n<meta name=\"twitter:card\" content=\"summary_large_image\" \/>\n<script type=\"application\/ld+json\" class=\"yoast-schema-graph\">{\"@context\":\"https:\/\/schema.org\",\"@graph\":[{\"@type\":\"WebPage\",\"@id\":\"https:\/\/eigner-betonmanufaktur.com\/it\/produkt\/vaso-di-fiori-alex\/\",\"url\":\"https:\/\/eigner-betonmanufaktur.com\/it\/produkt\/vaso-di-fiori-alex\/\",\"name\":\"Il nostro vaso da fiori Alex \u00e8 disponibile in due diverse dimensioni\",\"isPartOf\":{\"@id\":\"https:\/\/eigner-betonmanufaktur.com\/it\/#website\"},\"primaryImageOfPage\":{\"@id\":\"https:\/\/eigner-betonmanufaktur.com\/it\/produkt\/vaso-di-fiori-alex\/#primaryimage\"},\"image\":{\"@id\":\"https:\/\/eigner-betonmanufaktur.com\/it\/produkt\/vaso-di-fiori-alex\/#primaryimage\"},\"thumbnailUrl\":\"https:\/\/eigner-betonmanufaktur.com\/wp-content\/uploads\/2022\/02\/eigner-betonmanufaktur_FS_Topf_gross_V2_033.jpg\",\"datePublished\":\"2022-02-28T14:06:40+00:00\",\"description\":\"Vaso da fiori Alex - due diverse dimensioni. Particolarmente indicato come fioriera decorativa. Decorato con il motivo raffigurato sulla superficie\",\"breadcrumb\":{\"@id\":\"https:\/\/eigner-betonmanufaktur.com\/it\/produkt\/vaso-di-fiori-alex\/#breadcrumb\"},\"inLanguage\":\"it-IT\",\"potentialAction\":[{\"@type\":\"ReadAction\",\"target\":[\"https:\/\/eigner-betonmanufaktur.com\/it\/produkt\/vaso-di-fiori-alex\/\"]}]},{\"@type\":\"ImageObject\",\"inLanguage\":\"it-IT\",\"@id\":\"https:\/\/eigner-betonmanufaktur.com\/it\/produkt\/vaso-di-fiori-alex\/#primaryimage\",\"url\":\"https:\/\/eigner-betonmanufaktur.com\/wp-content\/uploads\/2022\/02\/eigner-betonmanufaktur_FS_Topf_gross_V2_033.jpg\",\"contentUrl\":\"https:\/\/eigner-betonmanufaktur.com\/wp-content\/uploads\/2022\/02\/eigner-betonmanufaktur_FS_Topf_gross_V2_033.jpg\",\"width\":800,\"height\":800},{\"@type\":\"BreadcrumbList\",\"@id\":\"https:\/\/eigner-betonmanufaktur.com\/it\/produkt\/vaso-di-fiori-alex\/#breadcrumb\",\"itemListElement\":[{\"@type\":\"ListItem\",\"position\":1,\"name\":\"Startseite\",\"item\":\"https:\/\/eigner-betonmanufaktur.com\/it\/casa\/\"},{\"@type\":\"ListItem\",\"position\":2,\"name\":\"Negozio\",\"item\":\"https:\/\/eigner-betonmanufaktur.com\/it\/negozio\/\"},{\"@type\":\"ListItem\",\"position\":3,\"name\":\"Vaso di fiori &#8220;Alex\"}]},{\"@type\":\"WebSite\",\"@id\":\"https:\/\/eigner-betonmanufaktur.com\/it\/#website\",\"url\":\"https:\/\/eigner-betonmanufaktur.com\/it\/\",\"name\":\"Eigner Betonmanufaktur\",\"description\":\"\",\"potentialAction\":[{\"@type\":\"SearchAction\",\"target\":{\"@type\":\"EntryPoint\",\"urlTemplate\":\"https:\/\/eigner-betonmanufaktur.com\/it\/?s={search_term_string}\"},\"query-input\":{\"@type\":\"PropertyValueSpecification\",\"valueRequired\":true,\"valueName\":\"search_term_string\"}}],\"inLanguage\":\"it-IT\"}]}<\/script>\n<!-- \/ Yoast SEO plugin. -->","yoast_head_json":{"title":"Il nostro vaso da fiori Alex \u00e8 disponibile in due diverse dimensioni","description":"Vaso da fiori Alex - due diverse dimensioni. Particolarmente indicato come fioriera decorativa. Decorato con il motivo raffigurato sulla superficie","robots":{"index":"index","follow":"follow","max-snippet":"max-snippet:-1","max-image-preview":"max-image-preview:large","max-video-preview":"max-video-preview:-1"},"canonical":"https:\/\/eigner-betonmanufaktur.com\/it\/produkt\/vaso-di-fiori-alex\/","og_locale":"it_IT","og_type":"article","og_title":"Il nostro vaso da fiori Alex \u00e8 disponibile in due diverse dimensioni","og_description":"Vaso da fiori Alex - due diverse dimensioni. Particolarmente indicato come fioriera decorativa. Decorato con il motivo raffigurato sulla superficie","og_url":"https:\/\/eigner-betonmanufaktur.com\/it\/produkt\/vaso-di-fiori-alex\/","og_site_name":"Eigner Betonmanufaktur","og_image":[{"width":800,"height":800,"url":"https:\/\/eigner-betonmanufaktur.com\/wp-content\/uploads\/2022\/02\/eigner-betonmanufaktur_FS_Topf_gross_V2_033.jpg","type":"image\/jpeg"}],"twitter_card":"summary_large_image","schema":{"@context":"https:\/\/schema.org","@graph":[{"@type":"WebPage","@id":"https:\/\/eigner-betonmanufaktur.com\/it\/produkt\/vaso-di-fiori-alex\/","url":"https:\/\/eigner-betonmanufaktur.com\/it\/produkt\/vaso-di-fiori-alex\/","name":"Il nostro vaso da fiori Alex \u00e8 disponibile in due diverse dimensioni","isPartOf":{"@id":"https:\/\/eigner-betonmanufaktur.com\/it\/#website"},"primaryImageOfPage":{"@id":"https:\/\/eigner-betonmanufaktur.com\/it\/produkt\/vaso-di-fiori-alex\/#primaryimage"},"image":{"@id":"https:\/\/eigner-betonmanufaktur.com\/it\/produkt\/vaso-di-fiori-alex\/#primaryimage"},"thumbnailUrl":"https:\/\/eigner-betonmanufaktur.com\/wp-content\/uploads\/2022\/02\/eigner-betonmanufaktur_FS_Topf_gross_V2_033.jpg","datePublished":"2022-02-28T14:06:40+00:00","description":"Vaso da fiori Alex - due diverse dimensioni. Particolarmente indicato come fioriera decorativa. Decorato con il motivo raffigurato sulla superficie","breadcrumb":{"@id":"https:\/\/eigner-betonmanufaktur.com\/it\/produkt\/vaso-di-fiori-alex\/#breadcrumb"},"inLanguage":"it-IT","potentialAction":[{"@type":"ReadAction","target":["https:\/\/eigner-betonmanufaktur.com\/it\/produkt\/vaso-di-fiori-alex\/"]}]},{"@type":"ImageObject","inLanguage":"it-IT","@id":"https:\/\/eigner-betonmanufaktur.com\/it\/produkt\/vaso-di-fiori-alex\/#primaryimage","url":"https:\/\/eigner-betonmanufaktur.com\/wp-content\/uploads\/2022\/02\/eigner-betonmanufaktur_FS_Topf_gross_V2_033.jpg","contentUrl":"https:\/\/eigner-betonmanufaktur.com\/wp-content\/uploads\/2022\/02\/eigner-betonmanufaktur_FS_Topf_gross_V2_033.jpg","width":800,"height":800},{"@type":"BreadcrumbList","@id":"https:\/\/eigner-betonmanufaktur.com\/it\/produkt\/vaso-di-fiori-alex\/#breadcrumb","itemListElement":[{"@type":"ListItem","position":1,"name":"Startseite","item":"https:\/\/eigner-betonmanufaktur.com\/it\/casa\/"},{"@type":"ListItem","position":2,"name":"Negozio","item":"https:\/\/eigner-betonmanufaktur.com\/it\/negozio\/"},{"@type":"ListItem","position":3,"name":"Vaso di fiori &#8220;Alex"}]},{"@type":"WebSite","@id":"https:\/\/eigner-betonmanufaktur.com\/it\/#website","url":"https:\/\/eigner-betonmanufaktur.com\/it\/","name":"Eigner Betonmanufaktur","description":"","potentialAction":[{"@type":"SearchAction","target":{"@type":"EntryPoint","urlTemplate":"https:\/\/eigner-betonmanufaktur.com\/it\/?s={search_term_string}"},"query-input":{"@type":"PropertyValueSpecification","valueRequired":true,"valueName":"search_term_string"}}],"inLanguage":"it-IT"}]}},"_links":{"self":[{"href":"https:\/\/eigner-betonmanufaktur.com\/it\/wp-json\/wp\/v2\/product\/2550","targetHints":{"allow":["GET"]}}],"collection":[{"href":"https:\/\/eigner-betonmanufaktur.com\/it\/wp-json\/wp\/v2\/product"}],"about":[{"href":"https:\/\/eigner-betonmanufaktur.com\/it\/wp-json\/wp\/v2\/types\/product"}],"replies":[{"embeddable":true,"href":"https:\/\/eigner-betonmanufaktur.com\/it\/wp-json\/wp\/v2\/comments?post=2550"}],"wp:featuredmedia":[{"embeddable":true,"href":"https:\/\/eigner-betonmanufaktur.com\/it\/wp-json\/wp\/v2\/media\/2552"}],"wp:attachment":[{"href":"https:\/\/eigner-betonmanufaktur.com\/it\/wp-json\/wp\/v2\/media?parent=2550"}],"wp:term":[{"taxonomy":"product_brand","embeddable":true,"href":"https:\/\/eigner-betonmanufaktur.com\/it\/wp-json\/wp\/v2\/product_brand?post=2550"},{"taxonomy":"product_cat","embeddable":true,"href":"https:\/\/eigner-betonmanufaktur.com\/it\/wp-json\/wp\/v2\/product_cat?post=2550"},{"taxonomy":"product_tag","embeddable":true,"href":"https:\/\/eigner-betonmanufaktur.com\/it\/wp-json\/wp\/v2\/product_tag?post=2550"}],"curies":[{"name":"wp","href":"https:\/\/api.w.org\/{rel}","templated":true}]}}